{"id":102,"date":"2022-06-13T14:15:33","date_gmt":"2022-06-13T12:15:33","guid":{"rendered":"http:\/\/https%3A%2F%2Fnapomocukrainie.pck.pl\/?page_id=102"},"modified":"2023-07-17T23:21:13","modified_gmt":"2023-07-17T21:21:13","slug":"czesto-zadawane-pytania","status":"publish","type":"page","link":"https:\/\/napomocukrainie.pck.pl\/pl\/czesto-zadawane-pytania\/","title":{"rendered":"Cz\u0119sto zadawane pytania"},"content":{"rendered":"\n<div class=\"wp-block-pb-accordion-item c-accordion__item js-accordion-item no-js is-open\" data-initially-open=\"true\" data-click-to-close=\"true\" data-auto-close=\"true\" data-scroll=\"false\" data-scroll-offset=\"0\"><h2 id=\"at-1020\" class=\"c-accordion__title js-accordion-controller\" role=\"button\">Kto kwalifikuje si\u0119 do pomocy?<\/h2><div id=\"ac-1020\" class=\"c-accordion__content\">\n<p>Z programu mog\u0105 skorzysta\u0107 osoby, kt\u00f3re:<\/p>\n\n\n\n<ol class=\"wp-block-list\">\n<li>Opu\u015bci\u0142y Ukrain\u0119 po 24 lutego 2022 roku (w\u0142\u0105czaj\u0105c 24 lutego) na skutek konfliktu, oraz<\/li>\n\n\n\n<li>Przebywaj\u0105 na terenie powiatu pozna\u0144skiego i\/lub powiatu bydgoskiego, oraz<\/li>\n\n\n\n<li>Nie otrzymali pomocy finansowej od innych organizacji humanitarnych (na przyk\u0142ad od: UNHCR, IRC, ADRA, PAH, PCPM), oraz<\/li>\n\n\n\n<li>Pozostaj\u0105 gospodarstwem domowym o \u015brednim dochodzie r\u00f3wnym lub ni\u017cszym ni\u017c 2,450 z\u0142 (suma dochod\u00f3w wszystkich cz\u0142onk\u00f3w gospodarstwa domowego podzielona przez liczb\u0119 cz\u0142onk\u00f3w gospodarstwa domowego) ORAZ<\/li>\n\n\n\n<li>Nale\u017c\u0105 do jednej z tych kategorii:<\/li>\n<\/ol>\n\n\n\n<ul class=\"wp-block-list\">\n<li>Jednoosobowe gospodarstwo domowe z co najmniej 1 dzieckiem (poni\u017cej 18 roku \u017cycia) lub osob\u0105 starsz\u0105 (w wieku 60 lat lub starsz\u0105);<\/li>\n\n\n\n<li>Starsze gospodarstwo domowe (w wieku 60 lat i starsze);<\/li>\n\n\n\n<li>Gospodarstwo domowe z 2 lub wi\u0119cej osobami na utrzymaniu (&lt;18 lat, w wieku 60 lat lub starsze);<\/li>\n\n\n\n<li>Gospodarstwo domowe z jedn\u0105 lub kilkoma osobami o specjalnych potrzebach.<\/li>\n<\/ul>\n<\/div><\/div>\n\n\n\n<div class=\"wp-block-pb-accordion-item c-accordion__item js-accordion-item no-js\" data-initially-open=\"false\" data-click-to-close=\"true\" data-auto-close=\"true\" data-scroll=\"false\" data-scroll-offset=\"0\"><h2 id=\"at-1021\" class=\"c-accordion__title js-accordion-controller\" role=\"button\">Jak z\u0142o\u017cy\u0107 wniosek o pomoc?<\/h2><div id=\"ac-1021\" class=\"c-accordion__content\">\n<p>W celu z\u0142o\u017cenia wniosku nale\u017cy pobra\u0107 wniosek za pomoc\u0105 nast\u0119puj\u0105cych link\u00f3w <a href=\"https:\/\/play.google.com\/store\/apps\/details?id=org.ifrc.self_registration&amp;hl=en_US&amp;gl=US\" target=\"_blank\" rel=\"noreferrer noopener\">[tu kliknij]<\/a> Sprawd\u017a prosz\u0119 na stronie internetowej czy w rejonie, w kt\u00f3rym aktualnie mieszkasz, jest otwarta rejestracja online.<\/p>\n<\/div><\/div>\n\n\n\n<div class=\"wp-block-pb-accordion-item c-accordion__item js-accordion-item no-js\" data-initially-open=\"false\" data-click-to-close=\"true\" data-auto-close=\"true\" data-scroll=\"false\" data-scroll-offset=\"0\"><h2 id=\"at-1022\" class=\"c-accordion__title js-accordion-controller\" role=\"button\">W jakiej wysoko\u015bci udzielana jest pomoc?<\/h2><div id=\"ac-1022\" class=\"c-accordion__content\">\n<p>Kwota udzielanej pomocy finansowej jest oparta o porozumienie i szacunki wypracowane wraz z naszymi partnerami i rz\u0105dem. W Polsce przeznaczamy 2840 z\u0142 wsparcia dla ka\u017cdej pierwszej osoby w danym gospodarstwie domowym, a dla ka\u017cdej kolejnej dodatkowo 2440 z\u0142 (kwota ta mo\u017ce si\u0119 nieznacznie r\u00f3\u017cni\u0107 w zale\u017cno\u015bci od kursu walut w dniu zbi\u00f3rki) \u2014 \u0142\u0105cznie do pi\u0119ciu os\u00f3b w gospodarstwie domowym. Wspomniane kwoty s\u0105 dystrybuowane w ramach jednorazowej p\u0142atno\u015bci.<\/p>\n\n\n\n<p>1 cz\u0142onek w gospodarstwie domowym = 2840 z\u0142\/mies.;<\/p>\n\n\n\n<p>2 cz\u0142onk\u00f3w w gospodarstwie domowym = 5280 z\u0142\/mies.;<\/p>\n\n\n\n<p>3 cz\u0142onk\u00f3w w gospodarstwie domowym = 7720 z\u0142\/mies.;<\/p>\n\n\n\n<p>4 cz\u0142onk\u00f3w w gospodarstwie domowym = 10,160 z\u0142\/mies.;<\/p>\n\n\n\n<p>5 lub wi\u0119cej cz\u0142onk\u00f3w w gospodarstwie domowym = 12,600 z\u0142\/miesi\u0105c.<\/p>\n<\/div><\/div>\n\n\n\n<div class=\"wp-block-pb-accordion-item c-accordion__item js-accordion-item no-js\" data-initially-open=\"false\" data-click-to-close=\"true\" data-auto-close=\"true\" data-scroll=\"false\" data-scroll-offset=\"0\"><h2 id=\"at-1023\" class=\"c-accordion__title js-accordion-controller\" role=\"button\">Jak d\u0142ugo b\u0119d\u0119 otrzymywa\u0107 pomoc?<\/h2><div id=\"ac-1023\" class=\"c-accordion__content\">\n<p>Pomoc finansowa zostanie udzielona w ramach jednorazowej p\u0142atno\u015bci.<\/p>\n<\/div><\/div>\n\n\n\n<div class=\"wp-block-pb-accordion-item c-accordion__item js-accordion-item no-js\" data-initially-open=\"false\" data-click-to-close=\"true\" data-auto-close=\"true\" data-scroll=\"false\" data-scroll-offset=\"0\"><h2 id=\"at-1024\" class=\"c-accordion__title js-accordion-controller\" role=\"button\">Jak otrzymam pomoc?<\/h2><div id=\"ac-1024\" class=\"c-accordion__content\">\n<p>Je\u017celi tw\u00f3j wniosek zostanie przyj\u0119ty, prze\u015blemy Ci informacj\u0119 o tym, jak otrzyma\u0107 pomoc.<\/p>\n<\/div><\/div>\n\n\n\n<div class=\"wp-block-pb-accordion-item c-accordion__item js-accordion-item no-js\" data-initially-open=\"false\" data-click-to-close=\"true\" data-auto-close=\"true\" data-scroll=\"false\" data-scroll-offset=\"0\"><h2 id=\"at-1025\" class=\"c-accordion__title js-accordion-controller\" role=\"button\">Jak d\u0142ugo b\u0119d\u0119 czeka\u0107 na odpowied\u017a na m\u00f3j wniosek?<\/h2><div id=\"ac-1025\" class=\"c-accordion__content\">\n<p>Spodziewamy si\u0119 du\u017cej liczby wniosk\u00f3w. Prosz\u0119 zak\u0142ada\u0107 przynajmniej dwa tygodnie oczekiwania na odpowied\u017a na wniosek. Pracujemy najszybciej jak to mo\u017cliwe.<\/p>\n<\/div><\/div>\n\n\n\n<div class=\"wp-block-pb-accordion-item c-accordion__item js-accordion-item no-js\" data-initially-open=\"false\" data-click-to-close=\"true\" data-auto-close=\"true\" data-scroll=\"false\" data-scroll-offset=\"0\"><h2 id=\"at-1026\" class=\"c-accordion__title js-accordion-controller\" role=\"button\">Sk\u0105d b\u0119d\u0119 wiedzie\u0107, \u017ce m\u00f3j wniosek wp\u0142yn\u0105\u0142?<\/h2><div id=\"ac-1026\" class=\"c-accordion__content\">\n<p>Aktualizacje przesy\u0142ane s\u0105 za pomoc\u0105 Viber i WhatsApp<\/p>\n<\/div><\/div>\n\n\n\n<div class=\"wp-block-pb-accordion-item c-accordion__item js-accordion-item no-js\" data-initially-open=\"false\" data-click-to-close=\"true\" data-auto-close=\"true\" data-scroll=\"false\" data-scroll-offset=\"0\"><h2 id=\"at-1027\" class=\"c-accordion__title js-accordion-controller\" role=\"button\">Kto\u015b inny w moim gospodarstwie domowym ju\u017c z\u0142o\u017cy\u0142 wniosek za mnie. Czy nadal mog\u0119 z\u0142o\u017cy\u0107 wniosek?<\/h2><div id=\"ac-1027\" class=\"c-accordion__content\">\n<p>Nie, tylko jedna osoba w gospodarstwie domowym mo\u017ce z\u0142o\u017cy\u0107 wniosek o pomoc. Zdublowane wnioski spowolni\u0105 proces zatwierdzania.<\/p>\n<\/div><\/div>\n\n\n\n<div class=\"wp-block-pb-accordion-item c-accordion__item js-accordion-item no-js\" data-initially-open=\"false\" data-click-to-close=\"true\" data-auto-close=\"true\" data-scroll=\"false\" data-scroll-offset=\"0\"><h2 id=\"at-1028\" class=\"c-accordion__title js-accordion-controller\" role=\"button\">Czemu prosicie o dokumenty to\u017csamo\u015bci?<\/h2><div id=\"ac-1028\" class=\"c-accordion__content\">\n<p>Darczy\u0144cy wp\u0142acali datki na Polski Czerwony Krzy\u017c i Mi\u0119dzynarodow\u0105 Federacj\u0119 Czerwonego Krzy\u017ca, aby pom\u00f3c osobom przesiedlonym z Ukrainy. Mamy obowi\u0105zek dopilnowa\u0107, aby pieni\u0105dze zosta\u0142y przekazane osobom, kt\u00f3re spe\u0142niaj\u0105 kryteria kwalifikacyjne. U\u017cywamy Pa\u0144stwa dokument\u00f3w to\u017csamo\u015bci, aby sprawdzi\u0107, czy pieni\u0105dze s\u0105 prawid\u0142owo rozdzielane.<\/p>\n<\/div><\/div>\n\n\n\n<div class=\"wp-block-pb-accordion-item c-accordion__item js-accordion-item no-js\" data-initially-open=\"false\" data-click-to-close=\"true\" data-auto-close=\"true\" data-scroll=\"false\" data-scroll-offset=\"0\"><h2 id=\"at-1029\" class=\"c-accordion__title js-accordion-controller\" role=\"button\">Na co mog\u0119 przeznaczy\u0107 pomoc finansow\u0105?<\/h2><div id=\"ac-1029\" class=\"c-accordion__content\">\n<p>Sam najlepiej znasz swoj\u0105 sytuacj\u0119. Ty najlepiej zdecydujesz na co przeznaczy\u0107 pomoc finansow\u0105 w tym czasie.<\/p>\n<\/div><\/div>\n\n\n\n<div class=\"wp-block-pb-accordion-item c-accordion__item js-accordion-item no-js\" data-initially-open=\"false\" data-click-to-close=\"true\" data-auto-close=\"true\" data-scroll=\"false\" data-scroll-offset=\"0\"><h2 id=\"at-10210\" class=\"c-accordion__title js-accordion-controller\" role=\"button\">Jakie dane zbiera i przetwarza MFCK?<\/h2><div id=\"ac-10210\" class=\"c-accordion__content\">\n<p>Polski Czerwony Krzy\u017c i Mi\u0119dzynarodowa Federacja Stowarzysze\u0144 Czerwonego Krzy\u017ca i Czerwonego P\u00f3\u0142ksi\u0119\u017cyca gromadzi i przetwarza twoje dane osobowe w ramach procesu ubiegania si\u0119 o pomoc finansow\u0105. Gromadzimy dane osobowe dla ka\u017cdego cz\u0142onka gospodarstwa domowego. Obejmuj\u0105 one imi\u0119 i nazwisko, dat\u0119 urodzenia. Zbieramy wydane przez organy pa\u0144stwowe dokumenty to\u017csamo\u015bci, kt\u00f3re mog\u0105 obejmowa\u0107 kody QR z procesu lub zdj\u0119cia z wydanych przez rz\u0105d Ukrainy dokument\u00f3w to\u017csamo\u015bci, takich jak krajowy dow\u00f3d to\u017csamo\u015bci, paszporty lub prawo jazdy oraz wizerunki os\u00f3b posiadaj\u0105cych pa\u0144stwowe dokumenty to\u017csamo\u015bci. Zbieramy informacje o lokalizacji za po\u015brednictwem telefon\u00f3w kom\u00f3rkowych lub przegl\u0105darek internetowych. Zbieramy te informacje, aby zweryfikowa\u0107 Pa\u0144stwa dane identyfikacyjne i uprawnienia do pomocy finansowej Czerwonego Krzy\u017ca.<\/p>\n<\/div><\/div>\n\n\n\n<div class=\"wp-block-pb-accordion-item c-accordion__item js-accordion-item no-js\" data-initially-open=\"false\" data-click-to-close=\"true\" data-auto-close=\"true\" data-scroll=\"false\" data-scroll-offset=\"0\"><h2 id=\"at-10211\" class=\"c-accordion__title js-accordion-controller\" role=\"button\">Nie mam telefonu kom\u00f3rkowego. Jak mog\u0119 z\u0142o\u017cy\u0107 wniosek o pomoc?<\/h2><div id=\"ac-10211\" class=\"c-accordion__content\">\n<p>Je\u015bli nie masz telefonu i nie mo\u017cesz go od nikogo po\u017cyczy\u0107 &#8211; nadal mo\u017cesz otrzyma\u0107 pomoc w biurze Polskiego Czerwonego Krzy\u017ca &#8211; sprawd\u017a prosz\u0119 na stronie internetowej, w kt\u00f3rych biurach zosta\u0142y utworzone punkty informacyjne.<\/p>\n<\/div><\/div>\n\n\n\n<div class=\"wp-block-pb-accordion-item c-accordion__item js-accordion-item no-js\" data-initially-open=\"false\" data-click-to-close=\"true\" data-auto-close=\"true\" data-scroll=\"false\" data-scroll-offset=\"0\"><h2 id=\"at-10212\" class=\"c-accordion__title js-accordion-controller\" role=\"button\">Dlaczego udzielacie pomocy finansowej a nie w postaci konkretnych artyku\u0142\u00f3w?<\/h2><div id=\"ac-10212\" class=\"c-accordion__content\">\n<p>Czerwony Krzy\u017c rozdaje artyku\u0142y materialne od pocz\u0105tku kryzysu ukrai\u0144skiego i b\u0119dziemy to robi\u0107 nadal. Do tej ju\u017c istniej\u0105cej pomocy materialnej dodajemy pomoc pieni\u0119\u017cn\u0105, poniewa\u017c istniej\u0105 korzy\u015bci z dostarczania pomocy finansowej, w tym:<\/p>\n\n\n\n<ul class=\"wp-block-list\">\n<li>Got\u00f3wka umo\u017cliwia ludziom zakup artyku\u0142\u00f3w odpowiadaj\u0105cych ich indywidualnym potrzebom.<\/li>\n\n\n\n<li>Dowiedziono, \u017ce aktywny udzia\u0142 w podejmowaniu decyzji pomaga w powrocie do zdrowia po traumatycznych wydarzeniach.<\/li>\n\n\n\n<li>Udzielanie pomocy finansowej wspiera lokaln\u0105 gospodark\u0119, poniewa\u017c ludzie dokonuj\u0105 zakup\u00f3w na lokalnych rynkach.<\/li>\n<\/ul>\n<\/div><\/div>\n\n\n\n<div class=\"wp-block-pb-accordion-item c-accordion__item js-accordion-item no-js\" data-initially-open=\"false\" data-click-to-close=\"true\" data-auto-close=\"true\" data-scroll=\"false\" data-scroll-offset=\"0\"><h2 id=\"at-10213\" class=\"c-accordion__title js-accordion-controller\" role=\"button\">Jak decydujecie kto otrzymuje wsparcie finansowe? <\/h2><div id=\"ac-10213\" class=\"c-accordion__content\">\n<p>Pomoc finansowa Czerwonego Krzy\u017ca koncentruje si\u0119 na osobach najbardziej zagro\u017conych, takich jak gospodarstwa domowe prowadzone przez kobiety, rodziny wielodzietne, osoby starsze i osoby z niepe\u0142nosprawno\u015bciami. Priorytetem s\u0105 gospodarstwa domowe znajduj\u0105ce si\u0119 w najtrudniejszej sytuacji.<strong><\/strong><\/p>\n<\/div><\/div>\n\n\n\n<div class=\"wp-block-pb-accordion-item c-accordion__item js-accordion-item no-js\" data-initially-open=\"false\" data-click-to-close=\"true\" data-auto-close=\"true\" data-scroll=\"false\" data-scroll-offset=\"0\"><h2 id=\"at-10214\" class=\"c-accordion__title js-accordion-controller\" role=\"button\">Dlaczego nie dajecie wi\u0119cej?<\/h2><div id=\"ac-10214\" class=\"c-accordion__content\">\n<p>Pomoc finansowa udzielana przez Czerwony Krzy\u017c to siatka bezpiecze\u0144stwa w sytuacjach nag\u0142ych &#8211; rodzaj liny ratunkowej. Ma ona na celu pom\u00f3c uchod\u017acom w zaspokojeniu niekt\u00f3rych z ich najpilniejszych, podstawowych potrzeb, takich jak \u017cywno\u015b\u0107, transport, czynsz, leki. Pomoc finansowa uzupe\u0142nia wsparcie udzielane przez rz\u0105dy i instytucje, pomaga rodzinom radzi\u0107 sobie z rosn\u0105cymi cenami podstawowych towar\u00f3w i dzia\u0142a jak bufor do czasu, a\u017c ludzie b\u0119d\u0105 w stanie znale\u017a\u0107 prac\u0119 w miejscu, w kt\u00f3rym osiedli. <\/p>\n<\/div><\/div>\n\n\n\n<div class=\"wp-block-pb-accordion-item c-accordion__item js-accordion-item no-js\" data-initially-open=\"false\" data-click-to-close=\"true\" data-auto-close=\"true\" data-scroll=\"false\" data-scroll-offset=\"0\"><h2 id=\"at-10215\" class=\"c-accordion__title js-accordion-controller\" role=\"button\">Czy udzielacie pomocy finansowej rodzinom, kt\u00f3re udzieli\u0142y go\u015bciny? Je\u017celi nie, dlaczego nie?<\/h2><div id=\"ac-10215\" class=\"c-accordion__content\">\n<p>Obecnie stawiamy na pierwszym miejscu udzielenie pomocy finansowej ludziom bezpo\u015brednio dotkni\u0119tym konfliktem, kt\u00f3rzy opu\u015bcili swoje domy. Zdajemy sobie spraw\u0119, \u017ce rodziny, kt\u00f3re ich przyj\u0119\u0142y odgrywaj\u0105 kluczow\u0105 rol\u0119 w udzielaniu wsparcia osobom przesiedlonym. Obecnie sprawdzamy mo\u017cliwo\u015bci jak najlepiej mo\u017cemy wesprze\u0107 r\u00f3wnie\u017c ich.<\/p>\n<\/div><\/div>\n\n\n\n<div class=\"wp-block-pb-accordion-item c-accordion__item js-accordion-item no-js\" data-initially-open=\"false\" data-click-to-close=\"true\" data-auto-close=\"true\" data-scroll=\"false\" data-scroll-offset=\"0\"><h2 id=\"at-10216\" class=\"c-accordion__title js-accordion-controller\" role=\"button\">Czy otrzymanie pomocy pieni\u0119\u017cnej oznacza, \u017ce musz\u0119 pozosta\u0107 w Polsce?<\/h2><div id=\"ac-10216\" class=\"c-accordion__content\">\n<p>Tak, uczestnicy programu s\u0105 zobligowani do pozostania w pa\u0144stwie rejestracji<\/p>\n<\/div><\/div>\n\n\n\n<div class=\"wp-block-pb-accordion-item c-accordion__item js-accordion-item no-js\" data-initially-open=\"false\" data-click-to-close=\"true\" data-auto-close=\"true\" data-scroll=\"false\" data-scroll-offset=\"0\"><h2 id=\"at-10217\" class=\"c-accordion__title js-accordion-controller\" role=\"button\">Jak mog\u0119 zg\u0142osi\u0107 techniczne problemy z dost\u0119pem do pomocy pieni\u0119\u017cnej i dowiedzie\u0107 si\u0119 wi\u0119cej o programie?<\/h2><div id=\"ac-10217\" class=\"c-accordion__content\">\n<p>Sprawd\u017a nasz\u0105 lini\u0119 techniczn\u0105, aby otrzyma\u0107 pomoc techniczn\u0105 oraz wi\u0119cej informacji o tym programie.<\/p>\n<\/div><\/div>\n\n\n\n<div class=\"wp-block-pb-accordion-item c-accordion__item js-accordion-item no-js\" data-initially-open=\"false\" data-click-to-close=\"true\" data-auto-close=\"true\" data-scroll=\"false\" data-scroll-offset=\"0\"><h2 id=\"at-10218\" class=\"c-accordion__title js-accordion-controller\" role=\"button\">&nbsp;Kiedy internetowa rejestracja do pomocy pieni\u0119\u017cnej zostanie otwarta w innych miejscach?<\/h2><div id=\"ac-10218\" class=\"c-accordion__content\">\n<p><strong>Obecnie program wsparcia finansowego b\u0119dzie dost\u0119pna w nast\u0119puj\u0105cych miejscach:<\/strong><\/p>\n\n\n\n<p>powiat pozna\u0144ski (od 27 kwietnia do 26 maja)<\/p>\n\n\n\n<p>powiat bydgoski (od 22 maja do 31 maja)<\/p>\n<\/div><\/div>\n","protected":false},"excerpt":{"rendered":"","protected":false},"author":1,"featured_media":0,"parent":0,"menu_order":0,"comment_status":"closed","ping_status":"closed","template":"","meta":{"_acf_changed":false,"inline_featured_image":false,"footnotes":""},"class_list":["post-102","page","type-page","status-publish","hentry"],"acf":{"featured_page":false},"yoast_head":"<!-- This site is optimized with the Yoast SEO plugin v22.1 - https:\/\/yoast.com\/wordpress\/plugins\/seo\/ -->\n<title>Cz\u0119sto zadawane pytania - #napomocUkrainie<\/title>\n<meta name=\"robots\" content=\"index, follow, max-snippet:-1, max-image-preview:large, max-video-preview:-1\" \/>\n<link rel=\"canonical\" href=\"https:\/\/napomocukrainie.pck.pl\/pl\/pomoc-finansowe__trashed\/czesto-zadawane-pytania\/\" \/>\n<meta property=\"og:locale\" content=\"pl_PL\" \/>\n<meta property=\"og:type\" content=\"article\" \/>\n<meta property=\"og:title\" content=\"Cz\u0119sto zadawane pytania - #napomocUkrainie\" \/>\n<meta property=\"og:url\" content=\"https:\/\/napomocukrainie.pck.pl\/pl\/pomoc-finansowe__trashed\/czesto-zadawane-pytania\/\" \/>\n<meta property=\"og:site_name\" content=\"#napomocUkrainie\" \/>\n<meta property=\"article:publisher\" content=\"https:\/\/www.facebook.com\/PolskiCzerwonyKrzyz\" \/>\n<meta property=\"article:modified_time\" content=\"2023-07-17T21:21:13+00:00\" \/>\n<meta name=\"twitter:card\" content=\"summary_large_image\" \/>\n<meta name=\"twitter:site\" content=\"@PolskiCK\" \/>\n<meta name=\"twitter:label1\" content=\"Szacowany czas czytania\" \/>\n\t<meta name=\"twitter:data1\" content=\"6 minut\" \/>\n<script type=\"application\/ld+json\" class=\"yoast-schema-graph\">{\"@context\":\"https:\/\/schema.org\",\"@graph\":[{\"@type\":\"WebPage\",\"@id\":\"https:\/\/napomocukrainie.pck.pl\/pl\/pomoc-finansowe__trashed\/czesto-zadawane-pytania\/\",\"url\":\"https:\/\/napomocukrainie.pck.pl\/pl\/pomoc-finansowe__trashed\/czesto-zadawane-pytania\/\",\"name\":\"Cz\u0119sto zadawane pytania - #napomocUkrainie\",\"isPartOf\":{\"@id\":\"https:\/\/napomocukrainie.pck.pl\/pl\/#website\"},\"datePublished\":\"2022-06-13T12:15:33+00:00\",\"dateModified\":\"2023-07-17T21:21:13+00:00\",\"breadcrumb\":{\"@id\":\"https:\/\/napomocukrainie.pck.pl\/pl\/pomoc-finansowe__trashed\/czesto-zadawane-pytania\/#breadcrumb\"},\"inLanguage\":\"pl-PL\",\"potentialAction\":[{\"@type\":\"ReadAction\",\"target\":[\"https:\/\/napomocukrainie.pck.pl\/pl\/pomoc-finansowe__trashed\/czesto-zadawane-pytania\/\"]}]},{\"@type\":\"BreadcrumbList\",\"@id\":\"https:\/\/napomocukrainie.pck.pl\/pl\/pomoc-finansowe__trashed\/czesto-zadawane-pytania\/#breadcrumb\",\"itemListElement\":[{\"@type\":\"ListItem\",\"position\":1,\"name\":\"Strona g\u0142\u00f3wna\",\"item\":\"https:\/\/napomocukrainie.pck.pl\/pl\/\"},{\"@type\":\"ListItem\",\"position\":2,\"name\":\"Cz\u0119sto zadawane pytania\"}]},{\"@type\":\"WebSite\",\"@id\":\"https:\/\/napomocukrainie.pck.pl\/pl\/#website\",\"url\":\"https:\/\/napomocukrainie.pck.pl\/pl\/\",\"name\":\"#napomocUkrainie\",\"description\":\"Polski Czerwony Krzy\u017c\",\"publisher\":{\"@id\":\"https:\/\/napomocukrainie.pck.pl\/pl\/#organization\"},\"potentialAction\":[{\"@type\":\"SearchAction\",\"target\":{\"@type\":\"EntryPoint\",\"urlTemplate\":\"https:\/\/napomocukrainie.pck.pl\/pl\/?s={search_term_string}\"},\"query-input\":\"required name=search_term_string\"}],\"inLanguage\":\"pl-PL\"},{\"@type\":\"Organization\",\"@id\":\"https:\/\/napomocukrainie.pck.pl\/pl\/#organization\",\"name\":\"Polski Czerwony Krzy\u017c\",\"url\":\"https:\/\/napomocukrainie.pck.pl\/pl\/\",\"logo\":{\"@type\":\"ImageObject\",\"inLanguage\":\"pl-PL\",\"@id\":\"https:\/\/napomocukrainie.pck.pl\/pl\/#\/schema\/logo\/image\/\",\"url\":\"https:\/\/napomocukrainie.pck.pl\/wp-content\/uploads\/2022\/06\/pck-logo.svg\",\"contentUrl\":\"https:\/\/napomocukrainie.pck.pl\/wp-content\/uploads\/2022\/06\/pck-logo.svg\",\"width\":113,\"height\":113,\"caption\":\"Polski Czerwony Krzy\u017c\"},\"image\":{\"@id\":\"https:\/\/napomocukrainie.pck.pl\/pl\/#\/schema\/logo\/image\/\"},\"sameAs\":[\"https:\/\/www.facebook.com\/PolskiCzerwonyKrzyz\",\"https:\/\/twitter.com\/PolskiCK\"]}]}<\/script>\n<!-- \/ Yoast SEO plugin. -->","yoast_head_json":{"title":"Cz\u0119sto zadawane pytania - #napomocUkrainie","robots":{"index":"index","follow":"follow","max-snippet":"max-snippet:-1","max-image-preview":"max-image-preview:large","max-video-preview":"max-video-preview:-1"},"canonical":"https:\/\/napomocukrainie.pck.pl\/pl\/pomoc-finansowe__trashed\/czesto-zadawane-pytania\/","og_locale":"pl_PL","og_type":"article","og_title":"Cz\u0119sto zadawane pytania - #napomocUkrainie","og_url":"https:\/\/napomocukrainie.pck.pl\/pl\/pomoc-finansowe__trashed\/czesto-zadawane-pytania\/","og_site_name":"#napomocUkrainie","article_publisher":"https:\/\/www.facebook.com\/PolskiCzerwonyKrzyz","article_modified_time":"2023-07-17T21:21:13+00:00","twitter_card":"summary_large_image","twitter_site":"@PolskiCK","twitter_misc":{"Szacowany czas czytania":"6 minut"},"schema":{"@context":"https:\/\/schema.org","@graph":[{"@type":"WebPage","@id":"https:\/\/napomocukrainie.pck.pl\/pl\/pomoc-finansowe__trashed\/czesto-zadawane-pytania\/","url":"https:\/\/napomocukrainie.pck.pl\/pl\/pomoc-finansowe__trashed\/czesto-zadawane-pytania\/","name":"Cz\u0119sto zadawane pytania - #napomocUkrainie","isPartOf":{"@id":"https:\/\/napomocukrainie.pck.pl\/pl\/#website"},"datePublished":"2022-06-13T12:15:33+00:00","dateModified":"2023-07-17T21:21:13+00:00","breadcrumb":{"@id":"https:\/\/napomocukrainie.pck.pl\/pl\/pomoc-finansowe__trashed\/czesto-zadawane-pytania\/#breadcrumb"},"inLanguage":"pl-PL","potentialAction":[{"@type":"ReadAction","target":["https:\/\/napomocukrainie.pck.pl\/pl\/pomoc-finansowe__trashed\/czesto-zadawane-pytania\/"]}]},{"@type":"BreadcrumbList","@id":"https:\/\/napomocukrainie.pck.pl\/pl\/pomoc-finansowe__trashed\/czesto-zadawane-pytania\/#breadcrumb","itemListElement":[{"@type":"ListItem","position":1,"name":"Strona g\u0142\u00f3wna","item":"https:\/\/napomocukrainie.pck.pl\/pl\/"},{"@type":"ListItem","position":2,"name":"Cz\u0119sto zadawane pytania"}]},{"@type":"WebSite","@id":"https:\/\/napomocukrainie.pck.pl\/pl\/#website","url":"https:\/\/napomocukrainie.pck.pl\/pl\/","name":"#napomocUkrainie","description":"Polski Czerwony Krzy\u017c","publisher":{"@id":"https:\/\/napomocukrainie.pck.pl\/pl\/#organization"},"potentialAction":[{"@type":"SearchAction","target":{"@type":"EntryPoint","urlTemplate":"https:\/\/napomocukrainie.pck.pl\/pl\/?s={search_term_string}"},"query-input":"required name=search_term_string"}],"inLanguage":"pl-PL"},{"@type":"Organization","@id":"https:\/\/napomocukrainie.pck.pl\/pl\/#organization","name":"Polski Czerwony Krzy\u017c","url":"https:\/\/napomocukrainie.pck.pl\/pl\/","logo":{"@type":"ImageObject","inLanguage":"pl-PL","@id":"https:\/\/napomocukrainie.pck.pl\/pl\/#\/schema\/logo\/image\/","url":"https:\/\/napomocukrainie.pck.pl\/wp-content\/uploads\/2022\/06\/pck-logo.svg","contentUrl":"https:\/\/napomocukrainie.pck.pl\/wp-content\/uploads\/2022\/06\/pck-logo.svg","width":113,"height":113,"caption":"Polski Czerwony Krzy\u017c"},"image":{"@id":"https:\/\/napomocukrainie.pck.pl\/pl\/#\/schema\/logo\/image\/"},"sameAs":["https:\/\/www.facebook.com\/PolskiCzerwonyKrzyz","https:\/\/twitter.com\/PolskiCK"]}]}},"_links":{"self":[{"href":"https:\/\/napomocukrainie.pck.pl\/pl\/wp-json\/wp\/v2\/pages\/102","targetHints":{"allow":["GET"]}}],"collection":[{"href":"https:\/\/napomocukrainie.pck.pl\/pl\/wp-json\/wp\/v2\/pages"}],"about":[{"href":"https:\/\/napomocukrainie.pck.pl\/pl\/wp-json\/wp\/v2\/types\/page"}],"author":[{"embeddable":true,"href":"https:\/\/napomocukrainie.pck.pl\/pl\/wp-json\/wp\/v2\/users\/1"}],"replies":[{"embeddable":true,"href":"https:\/\/napomocukrainie.pck.pl\/pl\/wp-json\/wp\/v2\/comments?post=102"}],"version-history":[{"count":30,"href":"https:\/\/napomocukrainie.pck.pl\/pl\/wp-json\/wp\/v2\/pages\/102\/revisions"}],"predecessor-version":[{"id":667,"href":"https:\/\/napomocukrainie.pck.pl\/pl\/wp-json\/wp\/v2\/pages\/102\/revisions\/667"}],"wp:attachment":[{"href":"https:\/\/napomocukrainie.pck.pl\/pl\/wp-json\/wp\/v2\/media?parent=102"}],"curies":[{"name":"wp","href":"https:\/\/api.w.org\/{rel}","templated":true}]}}