{"id":441,"date":"2023-01-23T09:58:46","date_gmt":"2023-01-23T08:58:46","guid":{"rendered":"https:\/\/napomocukrainie.pck.pl\/?page_id=441"},"modified":"2023-12-05T15:06:26","modified_gmt":"2023-12-05T14:06:26","slug":"pomoc-psychologiczna","status":"publish","type":"page","link":"https:\/\/napomocukrainie.pck.pl\/pl\/pomoc-psychologiczna\/","title":{"rendered":"Infolinia PCK \/ Pomoc psychologiczna"},"content":{"rendered":"\n<div class=\"wp-block-columns is-layout-flex wp-container-core-columns-is-layout-9d6595d7 wp-block-columns-is-layout-flex\">\n<div class=\"wp-block-column is-layout-flow wp-block-column-is-layout-flow\" style=\"flex-basis:66.66%\">\n<p>Polski Czerwony Krzy\u017c oferuje wsparcie psychospo\u0142eczne wszystkim, kt\u00f3rzy ucierpieli z powodu konfliktu zbrojnego w Ukrainie.<\/p>\n\n\n\n<p>Je\u015bli potrzebujesz z kim\u015b porozmawia\u0107, chcesz si\u0119 dowiedzie\u0107 o innych us\u0142ugach lub straci\u0142e\u015b kontakt z bliskimi w wyniku konfliktu &#8211; ZADZWO\u0143<\/p>\n\n\n\n<p>Infolinia czynna jest od poniedzia\u0142ku do pi\u0105tku w godzinach <strong>od<\/strong> <strong>09:00 do 17:00<\/strong>. Nasza pomoc jest anonimowa i bezp\u0142atna.<\/p>\n\n\n\n<p><a>Numer dla os\u00f3b dzwoni\u0105cych z terytorium Polski<\/a><\/p>\n\n\n\n<p><a href=\"tel:+48800088136\">+48 800 088 136<\/a><\/p>\n\n\n\n<p><strong>Numer dla os\u00f3b dzwoni\u0105cych z zagranicy<\/strong><\/p>\n\n\n\n<p><a href=\"tel:+48221520620\">+48 221 520&nbsp;620<\/a><\/p>\n\n\n\n<h3 class=\"wp-block-heading\"><strong>O Infolinii PCK<\/strong><\/h3>\n\n\n\n<div class=\"wp-block-pb-accordion-item c-accordion__item js-accordion-item no-js\"><h2 id=\"at-4413\" class=\"c-accordion__title js-accordion-controller\" role=\"button\"><strong>Jak dzia\u0142a Infolinia PCK?<\/strong><\/h2><div id=\"ac-4413\" class=\"c-accordion__content\">\n<p>Ka\u017cdy telefon odbierany jest przez przeszkolonego pracownika Infolinii. Powita Ci\u0119 on, podaj\u0105c swoje imi\u0119 oraz informuj\u0105c, \u017ce dodzwoni\u0142e\u015b si\u0119 na Infolini\u0119 PCK.<\/p>\n\n\n\n<p><br>Na naszej Infolinii pracuj\u0105 specjali\u015bci z Polski i Ukrainy. Pierwsz\u0105 osob\u0105, kt\u00f3ra odbierze Tw\u00f3j telefon, b\u0119dzie do\u015bwiadczony operator, kt\u00f3ry po kr\u00f3tkiej rozmowie u\u0142atwiaj\u0105cej okre\u015blenie Twoich potrzeb, udzieli Ci odpowiednich informacji lub po\u0142\u0105czy Ci\u0119 z dy\u017curuj\u0105cym psychologiem.<\/p>\n\n\n\n<p>Je\u015bli zdarzy si\u0119 tak, \u017ce nie rozmawiacie w tym samym j\u0119zyku, to zostaniesz przekierowany do innego pracownika (nasi specjali\u015bci m\u00f3wi\u0105 w j\u0119zyku polskim, ukrai\u0144skim, rosyjskim i angielskim).<br>W trakcie rozmowy nasi specjali\u015bci zadadz\u0105 Ci kilka pyta\u0144, aby dopasowa\u0107 pomoc do Twoich potrzeb. B\u0119dziemy Ci towarzyszy\u0107 tak d\u0142ugo, jak b\u0119dziesz tego potrzebowa\u0142\/a. Jedyna sytuacja, w kt\u00f3rej pracownik Infolinii mo\u017ce roz\u0142\u0105czy\u0107 si\u0119 wcze\u015bniej, to ta, w kt\u00f3rej spotyka si\u0119 on z agresj\u0105, kt\u00f3ra uniemo\u017cliwia konwersacj\u0119.<\/p>\n<\/div><\/div>\n\n\n\n<div class=\"wp-block-pb-accordion-item c-accordion__item js-accordion-item no-js\" data-initially-open=\"false\" data-click-to-close=\"true\" data-auto-close=\"true\" data-scroll=\"false\" data-scroll-offset=\"0\"><h2 id=\"at-4414\" class=\"c-accordion__title js-accordion-controller\" role=\"button\"><strong><strong>Jak\u0105 pomoc oferuje Infolinia?<\/strong><\/strong><\/h2><div id=\"ac-4414\" class=\"c-accordion__content\">\n<p>Na naszej Infolinii \u015bwiadczymy przede wszystkim pomoc informacyjn\u0105 i psychologiczn\u0105. Nasi operatorzy udzielaj\u0105 informacji na temat aktualnych dzia\u0142a\u0144 prowadzonych przez Czerwony Krzy\u017c i inne organizacje dzia\u0142aj\u0105ce na terenie Polski. Nasi psychologowie oferuj\u0105 pomoc wszystkim, kt\u00f3rzy potrzebuj\u0105 wsparcia. Porozmawiaj\u0105 o ka\u017cdej wa\u017cnej dla Ciebie sprawie. Ka\u017cd\u0105 sytuacj\u0119, ka\u017cdy k\u0142opot i w\u0105tpliwo\u015b\u0107, z kt\u00f3r\u0105 do nas dzwonisz traktujemy indywidualnie i takiego te\u017c rozwi\u0105zania wsp\u00f3lnie szukamy. Zastanawiamy si\u0119, co mo\u017cna zrobi\u0107 w tej konkretnej sytuacji, jakie mamy mo\u017cliwo\u015bci i co jest w stanie realnie zmieni\u0107 Twoj\u0105 sytuacj\u0119.<\/p>\n<\/div><\/div>\n\n\n\n<div class=\"wp-block-pb-accordion-item c-accordion__item js-accordion-item no-js\" data-initially-open=\"false\" data-click-to-close=\"true\" data-auto-close=\"true\" data-scroll=\"false\" data-scroll-offset=\"0\"><h2 id=\"at-4415\" class=\"c-accordion__title js-accordion-controller\" role=\"button\"><strong><strong><strong>Czy Infolinia jest anonimowa i bezp\u0142atna?<\/strong><\/strong><\/strong><\/h2><div id=\"ac-4415\" class=\"c-accordion__content\">\n<p>Tak, Infolinia jest anonimowa i bezp\u0142atna. Nasze rozmowy s\u0105 poufne. To znaczy, \u017ce nie powiemy nikomu o tym, o czym rozmawiali\u015bmy. W sytuacji, kiedy zdecydujemy, \u017ce Twoje zdrowie i \u017cycie jest zagro\u017cone skontaktujemy si\u0119 z osobami, kt\u00f3re zadbaj\u0105 o Twoje bezpiecze\u0144stwo.<\/p>\n<\/div><\/div>\n\n\n\n<div class=\"wp-block-pb-accordion-item c-accordion__item js-accordion-item no-js\" data-initially-open=\"false\" data-click-to-close=\"true\" data-auto-close=\"true\" data-scroll=\"false\" data-scroll-offset=\"0\"><h2 id=\"at-4416\" class=\"c-accordion__title js-accordion-controller\" role=\"button\"><strong><strong><strong><strong>Dzwoni\u0142em na Infolini\u0119, ale nikt nie odebra\u0142 \u2013 dlaczego?<\/strong><\/strong><\/strong><\/strong><\/h2><div id=\"ac-4416\" class=\"c-accordion__content\">\n<p>Nasza Infolinia czynna jest od poniedzia\u0142ku do pi\u0105tku w godzinach od 09:00 do 17:00. Telefony przychodz\u0105ce poza tymi godzinami nie b\u0119d\u0105 odbierane.<br>Je\u015bli dzwoni\u0142e\u015b w podanym terminie, ale nikt nie odebra\u0142 Twojego telefonu istniej\u0105 dwie mo\u017cliwo\u015bci. Pierwsza, to sytuacja, w kt\u00f3rej wszyscy operatorzy prowadz\u0105 rozmowy. W tej sytuacji spr\u00f3buj zadzwoni\u0107 za chwil\u0119.<br>Druga sytuacja, to taka, w kt\u00f3rej Infolinia jest nieczynna lub wyst\u0105pi\u0142a awaria.<\/p>\n<\/div><\/div>\n\n\n\n<p><\/p>\n\n\n\n<p><\/p>\n\n\n\n<hr class=\"wp-block-separator has-text-color has-vivid-red-color has-alpha-channel-opacity has-vivid-red-background-color has-background is-style-wide\"\/>\n\n\n\n<p><\/p>\n\n\n\n<p><\/p>\n\n\n\n<p><\/p>\n\n\n\n<h3 class=\"wp-block-heading\">&#8222;<strong>Przyjaciel w kontakcie<\/strong>&#8222;<\/h3>\n\n\n\n<p>To program Polskiego Czerwonego Krzy\u017ca, kt\u00f3rego celem jest wzmocnienie metod radzenia sobie ze stresem oraz popraw\u0119 samopoczucia beneficjent\u00f3w pozostaj\u0105cych pod opiek\u0105 PCK, szczeg\u00f3lnie os\u00f3b dotkni\u0119tych skutkami konfliktu zbrojnego w Ukrainie. Dzi\u0119ki regularnemu kontaktowi z profesjonalnym personelem PCK, beneficjenci mog\u0105 skorzysta\u0107 ze wsparcia psychospo\u0142ecznego, kt\u00f3re mo\u017ce wp\u0142yn\u0105\u0107 na popraw\u0119 ich samopoczucia i zmniejszy\u0107 poczucie samotno\u015bci.<\/p>\n\n\n\n<p>Program <strong>\u201ePrzyjaciel w kontakcie\u201d \u00a0<\/strong>dost\u0119pny jest bezp\u0142atnie dla ka\u017cdej pe\u0142noletniej osoby od poniedzia\u0142ku do pi\u0105tku w godzinach 9:00 \u2013 17:00. Aby skorzysta\u0107 z programu nale\u017cy zarejestrowa\u0107 si\u0119 za pomoc\u0105 formularza <a href=\"https:\/\/forms.office.com\/e\/jurPrVAQsz\">https:\/\/forms.office.com\/e\/jurPrVAQsz<\/a>.<\/p>\n\n\n\n<p><strong><br><\/strong><\/p>\n\n\n\n<h3 class=\"wp-block-heading\"><strong>Najcz\u0119\u015bciej zadawane pytania<\/strong><\/h3>\n\n\n\n<div class=\"wp-block-pb-accordion-item c-accordion__item js-accordion-item no-js\" data-initially-open=\"false\" data-click-to-close=\"true\" data-auto-close=\"true\" data-scroll=\"false\" data-scroll-offset=\"0\"><h2 id=\"at-4417\" class=\"c-accordion__title js-accordion-controller\" role=\"button\"><strong><strong><strong><strong><strong>Kto mo\u017ce skorzysta\u0107 z programu \u201ePrzyjaciel w kontakcie\u201d?<\/strong><\/strong><\/strong><\/strong><\/strong><\/h2><div id=\"ac-4417\" class=\"c-accordion__content\">\n<p>Ka\u017cda osoba powy\u017cej 18 roku \u017cycia, kt\u00f3ra ucierpia\u0142a z powodu konfliktu zbrojnego w Ukrainie i posiadaj\u0105ca polski numer telefonu.<\/p>\n<\/div><\/div>\n\n\n\n<div class=\"wp-block-pb-accordion-item c-accordion__item js-accordion-item no-js\" data-initially-open=\"false\" data-click-to-close=\"true\" data-auto-close=\"true\" data-scroll=\"false\" data-scroll-offset=\"0\"><h2 id=\"at-4418\" class=\"c-accordion__title js-accordion-controller\" role=\"button\"><strong><strong><strong><strong><strong><strong>Czy program \u201ePrzyjaciel w kontakcie\u201d jest p\u0142atny?<\/strong><\/strong><\/strong><\/strong><\/strong><\/strong><\/h2><div id=\"ac-4418\" class=\"c-accordion__content\">\n<p>Nie, udzia\u0142 w programie \u201e<strong>Przyjaciel w kontakcie\u201d<\/strong>\u00a0nie wi\u0105\u017ce si\u0119 z \u017cadnymi op\u0142atami.<\/p>\n<\/div><\/div>\n\n\n\n<div class=\"wp-block-pb-accordion-item c-accordion__item js-accordion-item no-js\" data-initially-open=\"false\" data-click-to-close=\"true\" data-auto-close=\"true\" data-scroll=\"false\" data-scroll-offset=\"0\"><h2 id=\"at-4419\" class=\"c-accordion__title js-accordion-controller\" role=\"button\"><strong><strong><strong><strong><strong><strong><strong>Jak mog\u0119 zapisa\u0107 si\u0119 do programu \u201ePrzyjaciel w kontakcie\u201d<\/strong><\/strong><\/strong><\/strong><\/strong><\/strong><\/strong><\/h2><div id=\"ac-4419\" class=\"c-accordion__content\">\n<p>Wystarczy, wype\u0142ni\u0107 formularz\u00a0<a href=\"https:\/\/forms.office.com\/e\/jurPrVAQsz\">https:\/\/forms.office.com\/e\/jurPrVAQsz<\/a>\u00a0i czeka\u0107 na pierwszy telefon.<\/p>\n<\/div><\/div>\n\n\n\n<div class=\"wp-block-pb-accordion-item c-accordion__item js-accordion-item no-js\" data-initially-open=\"false\" data-click-to-close=\"true\" data-auto-close=\"true\" data-scroll=\"false\" data-scroll-offset=\"0\"><h2 id=\"at-44110\" class=\"c-accordion__title js-accordion-controller\" role=\"button\"><strong><strong><strong><strong><strong><strong><strong><strong>Kiedy realizowane s\u0105 rozmowy w ramach programu \u201ePrzyjaciel w kontakcie\u201d?<\/strong><\/strong><\/strong><\/strong><\/strong><\/strong><\/strong><\/strong><\/h2><div id=\"ac-44110\" class=\"c-accordion__content\">\n<p>Pracownicy PCK b\u0119d\u0105 kontaktowa\u0107 si\u0119 z uczestnikami programu \u201e<strong>Przyjaciel w kontakcie\u201d<\/strong>&nbsp;w godzinach dogodnych dla beneficjent\u00f3w programu. Zg\u0142aszaj\u0105c si\u0119 do programu beneficjenci musz\u0105 poda\u0107 przedzia\u0142 czasowy, w kt\u00f3rym chc\u0105, aby pracownicy PCK kontaktowali si\u0119 z nimi.<\/p>\n\n\n\n<p>Rozmowy w ramach programu \u201e<strong>Przyjaciel w kontakcie<\/strong>\u201d prowadzone s\u0105 od poniedzia\u0142ku do pi\u0105tku w godzinach od 9:00 do 17:00.<\/p>\n<\/div><\/div>\n\n\n\n<div class=\"wp-block-pb-accordion-item c-accordion__item js-accordion-item no-js\" data-initially-open=\"false\" data-click-to-close=\"true\" data-auto-close=\"true\" data-scroll=\"false\" data-scroll-offset=\"0\"><h2 id=\"at-44111\" class=\"c-accordion__title js-accordion-controller\" role=\"button\"><strong>Czy pracownicy PCK mog\u0105 odwiedza\u0107 beneficjent\u00f3w programu \u201ePrzyjaciel w kontakcie\u201d?<\/strong><\/h2><div id=\"ac-44111\" class=\"c-accordion__content\">\n<p>Nie, program \u201e<strong>Przyjaciel w kontakcie\u201d<\/strong>\u00a0zak\u0142ada tylko kontakt telefoniczny pomi\u0119dzy pracownikiem PCK a uczestnikiem programu.<\/p>\n<\/div><\/div>\n\n\n\n<div class=\"wp-block-pb-accordion-item c-accordion__item js-accordion-item no-js\" data-initially-open=\"false\" data-click-to-close=\"true\" data-auto-close=\"true\" data-scroll=\"false\" data-scroll-offset=\"0\"><h2 id=\"at-44112\" class=\"c-accordion__title js-accordion-controller\" role=\"button\"><strong><strong>Jak mog\u0119 podzieli\u0107 si\u0119 swoj\u0105 opini\u0105 dotycz\u0105c\u0105 programu?<\/strong><\/strong><\/h2><div id=\"ac-44112\" class=\"c-accordion__content\">\n<p>Opinie o programie mo\u017cna przes\u0142a\u0107 za pomoc\u0105 formularza\u00a0<a href=\"https:\/\/forms.office.com\/e\/1bnSn8MmzF\">https:\/\/forms.office.com\/e\/1bnSn8MmzF<\/a>\u00a0Mo\u017cna r\u00f3wnie\u017c skorzysta\u0107 z Infolinii PCK dost\u0119pnej od poniedzia\u0142ku do pi\u0105tku w godzinach 9:00 \u2013 17:00 pod numerem: +48 800 088\u00a0136 (numer dla os\u00f3b dzwoni\u0105cych z Polski) lub +48 221 520\u00a0620 (numer dla os\u00f3b dzwoni\u0105cych z zagranicy).\u00a0W przypadkach szczeg\u00f3lnych narusze\u0144 z zakresu bezpiecze\u0144stwa lub kwestii wra\u017cliwych, prosimy o kontakt przez adres e-mail:\u00a0<a href=\"mailto:zgloszenia@pck.pl\">zgloszenia@pck.pl<\/a><\/p>\n<\/div><\/div>\n\n\n\n<div class=\"wp-block-pb-accordion-item c-accordion__item js-accordion-item no-js\" data-initially-open=\"false\" data-click-to-close=\"true\" data-auto-close=\"true\" data-scroll=\"false\" data-scroll-offset=\"0\"><h2 id=\"at-44113\" class=\"c-accordion__title js-accordion-controller\" role=\"button\"><strong><strong><strong>Kim s\u0105 pracownicy programu \u201ePrzyjaciel w kontakcie\u201d?<\/strong><\/strong><\/strong><\/h2><div id=\"ac-44113\" class=\"c-accordion__content\">\n<p>W programie \u201e<strong>Przyjaciel w kontakcie\u201d<\/strong>\u00a0uczestnicz\u0105 pracownicy PCK posiadaj\u0105cy do\u015bwiadczenie w udzielaniu wsparcia psychospo\u0142ecznego. Beneficjenci programu \u201e<strong>Przyjaciel w kontakcie\u201d<\/strong>\u00a0mog\u0105 r\u00f3wnie\u017c skorzysta\u0107 z pomocy psychologa.<\/p>\n<\/div><\/div>\n\n\n\n<div class=\"wp-block-pb-accordion-item c-accordion__item js-accordion-item no-js\" data-initially-open=\"false\" data-click-to-close=\"true\" data-auto-close=\"true\" data-scroll=\"false\" data-scroll-offset=\"0\"><h2 id=\"at-44114\" class=\"c-accordion__title js-accordion-controller\" role=\"button\"><strong><strong><strong>Kim s\u0105 pracownicy programu \u201ePrzyjaciel w kontakcie\u201d?<\/strong><\/strong><\/strong><\/h2><div id=\"ac-44114\" class=\"c-accordion__content\">\n<p>W programie \u201e<strong>Przyjaciel w kontakcie\u201d<\/strong>\u00a0uczestnicz\u0105 pracownicy PCK posiadaj\u0105cy do\u015bwiadczenie w udzielaniu wsparcia psychospo\u0142ecznego. Beneficjenci programu \u201e<strong>Przyjaciel w kontakcie\u201d<\/strong>\u00a0mog\u0105 r\u00f3wnie\u017c skorzysta\u0107 z pomocy psychologa.<\/p>\n<\/div><\/div>\n\n\n\n<div class=\"wp-block-pb-accordion-item c-accordion__item js-accordion-item no-js\" data-initially-open=\"false\" data-click-to-close=\"true\" data-auto-close=\"true\" data-scroll=\"false\" data-scroll-offset=\"0\"><h2 id=\"at-44115\" class=\"c-accordion__title js-accordion-controller\" role=\"button\"><strong><strong><strong><strong>Sk\u0105d dowiem si\u0119 \u017ce dzwoni do mnie kto\u015b z programu \u201ePrzyjaciel w kontakcie\u201d?<\/strong><\/strong><\/strong><\/strong><\/h2><div id=\"ac-44115\" class=\"c-accordion__content\">\n<p>Wszystkie telefony w ramach programu \u201e<strong>Przyjaciel w kontakcie\u201d<\/strong>&nbsp;wykonywane s\u0105 w um\u00f3wionej godzinie, zadeklarowanej w formularzu zg\u0142oszeniowym lub ustalonej podczas wcze\u015bniejszej rozmowy.<\/p>\n\n\n\n<p>Po\u0142\u0105czenia \u201e<strong>Przyjaciel w kontakcie\u201d<\/strong>&nbsp;wykonywane s\u0105 z numeru: +48 221 520&nbsp;620.<\/p>\n<\/div><\/div>\n<\/div>\n\n\n\n<div class=\"wp-block-column is-layout-flow wp-block-column-is-layout-flow\" style=\"flex-basis:33.33%\">\n<figure class=\"wp-block-image size-full\"><img loading=\"lazy\" decoding=\"async\" width=\"2560\" height=\"2560\" src=\"https:\/\/napomocukrainie.pck.pl\/wp-content\/uploads\/2023\/03\/infolinia-psychologiczna-pck-1-scaled.jpg\" alt=\"Numery telefonu na Infolini\u0119 psychologiczn\u0105 PCK\" class=\"wp-image-532\" srcset=\"https:\/\/napomocukrainie.pck.pl\/wp-content\/uploads\/2023\/03\/infolinia-psychologiczna-pck-1-scaled.jpg 2560w, https:\/\/napomocukrainie.pck.pl\/wp-content\/uploads\/2023\/03\/infolinia-psychologiczna-pck-1-150x150.jpg 150w, https:\/\/napomocukrainie.pck.pl\/wp-content\/uploads\/2023\/03\/infolinia-psychologiczna-pck-1-768x768.jpg 768w, https:\/\/napomocukrainie.pck.pl\/wp-content\/uploads\/2023\/03\/infolinia-psychologiczna-pck-1-1536x1536.jpg 1536w, https:\/\/napomocukrainie.pck.pl\/wp-content\/uploads\/2023\/03\/infolinia-psychologiczna-pck-1-2048x2048.jpg 2048w\" sizes=\"auto, (max-width: 2560px) 100vw, 2560px\" \/><\/figure>\n<\/div>\n<\/div>\n","protected":false},"excerpt":{"rendered":"<p>Je\u015bli potrzebujesz wsparcia psychologicznego, mo\u017cesz skorzysta\u0107 z pomocy naszych psycholog\u00f3w. Dowiedz si\u0119 wi\u0119cej.<\/p>\n","protected":false},"author":1,"featured_media":523,"parent":0,"menu_order":0,"comment_status":"closed","ping_status":"closed","template":"","meta":{"_acf_changed":false,"inline_featured_image":false,"footnotes":""},"class_list":["post-441","page","type-page","status-publish","has-post-thumbnail","hentry"],"acf":{"featured_page":true},"yoast_head":"<!-- This site is optimized with the Yoast SEO plugin v22.1 - https:\/\/yoast.com\/wordpress\/plugins\/seo\/ -->\n<title>Infolinia PCK \/ Pomoc psychologiczna - #napomocUkrainie<\/title>\n<meta name=\"robots\" content=\"index, follow, max-snippet:-1, max-image-preview:large, max-video-preview:-1\" \/>\n<link rel=\"canonical\" href=\"https:\/\/napomocukrainie.pck.pl\/pl\/pomoc-psychologiczna\/\" \/>\n<meta property=\"og:locale\" content=\"pl_PL\" \/>\n<meta property=\"og:type\" content=\"article\" \/>\n<meta property=\"og:title\" content=\"Infolinia PCK \/ Pomoc psychologiczna - #napomocUkrainie\" \/>\n<meta property=\"og:description\" content=\"Je\u015bli potrzebujesz wsparcia psychologicznego, mo\u017cesz skorzysta\u0107 z pomocy naszych psycholog\u00f3w. Dowiedz si\u0119 wi\u0119cej.\" \/>\n<meta property=\"og:url\" content=\"https:\/\/napomocukrainie.pck.pl\/pl\/pomoc-psychologiczna\/\" \/>\n<meta property=\"og:site_name\" content=\"#napomocUkrainie\" \/>\n<meta property=\"article:publisher\" content=\"https:\/\/www.facebook.com\/PolskiCzerwonyKrzyz\" \/>\n<meta property=\"article:modified_time\" content=\"2023-12-05T14:06:26+00:00\" \/>\n<meta property=\"og:image\" content=\"https:\/\/napomocukrainie.pck.pl\/wp-content\/uploads\/2023\/03\/pomoc-psychologiczna-pck.jpg\" \/>\n\t<meta property=\"og:image:width\" content=\"1082\" \/>\n\t<meta property=\"og:image:height\" content=\"694\" \/>\n\t<meta property=\"og:image:type\" content=\"image\/jpeg\" \/>\n<meta name=\"twitter:card\" content=\"summary_large_image\" \/>\n<meta name=\"twitter:site\" content=\"@PolskiCK\" \/>\n<meta name=\"twitter:label1\" content=\"Szacowany czas czytania\" \/>\n\t<meta name=\"twitter:data1\" content=\"6 minut\" \/>\n<script type=\"application\/ld+json\" class=\"yoast-schema-graph\">{\"@context\":\"https:\/\/schema.org\",\"@graph\":[{\"@type\":\"WebPage\",\"@id\":\"https:\/\/napomocukrainie.pck.pl\/pl\/pomoc-psychologiczna\/\",\"url\":\"https:\/\/napomocukrainie.pck.pl\/pl\/pomoc-psychologiczna\/\",\"name\":\"Infolinia PCK \/ Pomoc psychologiczna - #napomocUkrainie\",\"isPartOf\":{\"@id\":\"https:\/\/napomocukrainie.pck.pl\/pl\/#website\"},\"datePublished\":\"2023-01-23T08:58:46+00:00\",\"dateModified\":\"2023-12-05T14:06:26+00:00\",\"breadcrumb\":{\"@id\":\"https:\/\/napomocukrainie.pck.pl\/pl\/pomoc-psychologiczna\/#breadcrumb\"},\"inLanguage\":\"pl-PL\",\"potentialAction\":[{\"@type\":\"ReadAction\",\"target\":[\"https:\/\/napomocukrainie.pck.pl\/pl\/pomoc-psychologiczna\/\"]}]},{\"@type\":\"BreadcrumbList\",\"@id\":\"https:\/\/napomocukrainie.pck.pl\/pl\/pomoc-psychologiczna\/#breadcrumb\",\"itemListElement\":[{\"@type\":\"ListItem\",\"position\":1,\"name\":\"Strona g\u0142\u00f3wna\",\"item\":\"https:\/\/napomocukrainie.pck.pl\/pl\/\"},{\"@type\":\"ListItem\",\"position\":2,\"name\":\"Infolinia PCK \/ Pomoc psychologiczna\"}]},{\"@type\":\"WebSite\",\"@id\":\"https:\/\/napomocukrainie.pck.pl\/pl\/#website\",\"url\":\"https:\/\/napomocukrainie.pck.pl\/pl\/\",\"name\":\"#napomocUkrainie\",\"description\":\"Polski Czerwony Krzy\u017c\",\"publisher\":{\"@id\":\"https:\/\/napomocukrainie.pck.pl\/pl\/#organization\"},\"potentialAction\":[{\"@type\":\"SearchAction\",\"target\":{\"@type\":\"EntryPoint\",\"urlTemplate\":\"https:\/\/napomocukrainie.pck.pl\/pl\/?s={search_term_string}\"},\"query-input\":\"required name=search_term_string\"}],\"inLanguage\":\"pl-PL\"},{\"@type\":\"Organization\",\"@id\":\"https:\/\/napomocukrainie.pck.pl\/pl\/#organization\",\"name\":\"Polski Czerwony Krzy\u017c\",\"url\":\"https:\/\/napomocukrainie.pck.pl\/pl\/\",\"logo\":{\"@type\":\"ImageObject\",\"inLanguage\":\"pl-PL\",\"@id\":\"https:\/\/napomocukrainie.pck.pl\/pl\/#\/schema\/logo\/image\/\",\"url\":\"https:\/\/napomocukrainie.pck.pl\/wp-content\/uploads\/2022\/06\/pck-logo.svg\",\"contentUrl\":\"https:\/\/napomocukrainie.pck.pl\/wp-content\/uploads\/2022\/06\/pck-logo.svg\",\"width\":113,\"height\":113,\"caption\":\"Polski Czerwony Krzy\u017c\"},\"image\":{\"@id\":\"https:\/\/napomocukrainie.pck.pl\/pl\/#\/schema\/logo\/image\/\"},\"sameAs\":[\"https:\/\/www.facebook.com\/PolskiCzerwonyKrzyz\",\"https:\/\/twitter.com\/PolskiCK\"]}]}<\/script>\n<!-- \/ Yoast SEO plugin. -->","yoast_head_json":{"title":"Infolinia PCK \/ Pomoc psychologiczna - #napomocUkrainie","robots":{"index":"index","follow":"follow","max-snippet":"max-snippet:-1","max-image-preview":"max-image-preview:large","max-video-preview":"max-video-preview:-1"},"canonical":"https:\/\/napomocukrainie.pck.pl\/pl\/pomoc-psychologiczna\/","og_locale":"pl_PL","og_type":"article","og_title":"Infolinia PCK \/ Pomoc psychologiczna - #napomocUkrainie","og_description":"Je\u015bli potrzebujesz wsparcia psychologicznego, mo\u017cesz skorzysta\u0107 z pomocy naszych psycholog\u00f3w. Dowiedz si\u0119 wi\u0119cej.","og_url":"https:\/\/napomocukrainie.pck.pl\/pl\/pomoc-psychologiczna\/","og_site_name":"#napomocUkrainie","article_publisher":"https:\/\/www.facebook.com\/PolskiCzerwonyKrzyz","article_modified_time":"2023-12-05T14:06:26+00:00","og_image":[{"width":1082,"height":694,"url":"https:\/\/napomocukrainie.pck.pl\/wp-content\/uploads\/2023\/03\/pomoc-psychologiczna-pck.jpg","type":"image\/jpeg"}],"twitter_card":"summary_large_image","twitter_site":"@PolskiCK","twitter_misc":{"Szacowany czas czytania":"6 minut"},"schema":{"@context":"https:\/\/schema.org","@graph":[{"@type":"WebPage","@id":"https:\/\/napomocukrainie.pck.pl\/pl\/pomoc-psychologiczna\/","url":"https:\/\/napomocukrainie.pck.pl\/pl\/pomoc-psychologiczna\/","name":"Infolinia PCK \/ Pomoc psychologiczna - #napomocUkrainie","isPartOf":{"@id":"https:\/\/napomocukrainie.pck.pl\/pl\/#website"},"datePublished":"2023-01-23T08:58:46+00:00","dateModified":"2023-12-05T14:06:26+00:00","breadcrumb":{"@id":"https:\/\/napomocukrainie.pck.pl\/pl\/pomoc-psychologiczna\/#breadcrumb"},"inLanguage":"pl-PL","potentialAction":[{"@type":"ReadAction","target":["https:\/\/napomocukrainie.pck.pl\/pl\/pomoc-psychologiczna\/"]}]},{"@type":"BreadcrumbList","@id":"https:\/\/napomocukrainie.pck.pl\/pl\/pomoc-psychologiczna\/#breadcrumb","itemListElement":[{"@type":"ListItem","position":1,"name":"Strona g\u0142\u00f3wna","item":"https:\/\/napomocukrainie.pck.pl\/pl\/"},{"@type":"ListItem","position":2,"name":"Infolinia PCK \/ Pomoc psychologiczna"}]},{"@type":"WebSite","@id":"https:\/\/napomocukrainie.pck.pl\/pl\/#website","url":"https:\/\/napomocukrainie.pck.pl\/pl\/","name":"#napomocUkrainie","description":"Polski Czerwony Krzy\u017c","publisher":{"@id":"https:\/\/napomocukrainie.pck.pl\/pl\/#organization"},"potentialAction":[{"@type":"SearchAction","target":{"@type":"EntryPoint","urlTemplate":"https:\/\/napomocukrainie.pck.pl\/pl\/?s={search_term_string}"},"query-input":"required name=search_term_string"}],"inLanguage":"pl-PL"},{"@type":"Organization","@id":"https:\/\/napomocukrainie.pck.pl\/pl\/#organization","name":"Polski Czerwony Krzy\u017c","url":"https:\/\/napomocukrainie.pck.pl\/pl\/","logo":{"@type":"ImageObject","inLanguage":"pl-PL","@id":"https:\/\/napomocukrainie.pck.pl\/pl\/#\/schema\/logo\/image\/","url":"https:\/\/napomocukrainie.pck.pl\/wp-content\/uploads\/2022\/06\/pck-logo.svg","contentUrl":"https:\/\/napomocukrainie.pck.pl\/wp-content\/uploads\/2022\/06\/pck-logo.svg","width":113,"height":113,"caption":"Polski Czerwony Krzy\u017c"},"image":{"@id":"https:\/\/napomocukrainie.pck.pl\/pl\/#\/schema\/logo\/image\/"},"sameAs":["https:\/\/www.facebook.com\/PolskiCzerwonyKrzyz","https:\/\/twitter.com\/PolskiCK"]}]}},"_links":{"self":[{"href":"https:\/\/napomocukrainie.pck.pl\/pl\/wp-json\/wp\/v2\/pages\/441","targetHints":{"allow":["GET"]}}],"collection":[{"href":"https:\/\/napomocukrainie.pck.pl\/pl\/wp-json\/wp\/v2\/pages"}],"about":[{"href":"https:\/\/napomocukrainie.pck.pl\/pl\/wp-json\/wp\/v2\/types\/page"}],"author":[{"embeddable":true,"href":"https:\/\/napomocukrainie.pck.pl\/pl\/wp-json\/wp\/v2\/users\/1"}],"replies":[{"embeddable":true,"href":"https:\/\/napomocukrainie.pck.pl\/pl\/wp-json\/wp\/v2\/comments?post=441"}],"version-history":[{"count":24,"href":"https:\/\/napomocukrainie.pck.pl\/pl\/wp-json\/wp\/v2\/pages\/441\/revisions"}],"predecessor-version":[{"id":691,"href":"https:\/\/napomocukrainie.pck.pl\/pl\/wp-json\/wp\/v2\/pages\/441\/revisions\/691"}],"wp:featuredmedia":[{"embeddable":true,"href":"https:\/\/napomocukrainie.pck.pl\/pl\/wp-json\/wp\/v2\/media\/523"}],"wp:attachment":[{"href":"https:\/\/napomocukrainie.pck.pl\/pl\/wp-json\/wp\/v2\/media?parent=441"}],"curies":[{"name":"wp","href":"https:\/\/api.w.org\/{rel}","templated":true}]}}