{"id":46,"date":"2022-06-10T09:24:18","date_gmt":"2022-06-10T07:24:18","guid":{"rendered":"http:\/\/https%3A%2F%2Fnapomocukrainie.pck.pl\/?page_id=46"},"modified":"2024-02-19T11:13:52","modified_gmt":"2024-02-19T10:13:52","slug":"chcesz-pomoc","status":"publish","type":"page","link":"https:\/\/napomocukrainie.pck.pl\/pl\/chcesz-pomoc\/","title":{"rendered":"Chcesz pom\u00f3c?"},"content":{"rendered":"\n<div class=\"wp-block-columns is-layout-flex wp-container-core-columns-is-layout-9d6595d7 wp-block-columns-is-layout-flex\">\n<div class=\"wp-block-column is-layout-flow wp-block-column-is-layout-flow\" style=\"flex-basis:66.66%\">\n<h3 class=\"wp-block-heading\">Darczy\u0144cy indywidualni<\/h3>\n\n\n\n<p>Pomoc dla uchod\u017ac\u00f3w b\u0119dzie potrzebne przez kolejne miesi\u0105ce, a nawet lata, dlatego ka\u017cdy kto chce wesprze\u0107 nasze dzia\u0142ania mo\u017ce wp\u0142aci\u0107 dowoln\u0105 kwot\u0119 na konto: <\/p>\n\n\n\n<p class=\"has-medium-font-size\"><strong>16 1160 2202 0000 0002 7718 3060 <\/strong><br>z dopiskiem \u201e<strong>UKRAINA<\/strong>\u201d.<\/p>\n\n\n\n<p class=\"has-medium-font-size\">Dane do wp\u0142at zagranicznych: IBAN <\/p>\n\n\n\n<p class=\"has-medium-font-size\"><strong>PL16 1160 2202 0000 0002 7718 3060<\/strong><br>SWIFT CODE <strong>BIGBPLPWXXX <\/strong>with a note \u201e<strong>UKRAINE<\/strong>\u201d.<\/p>\n\n\n\n<p>W zwi\u0105zku z przekazan\u0105 darowizn\u0105 Pa\u0144stwa dane osobowe przetwarzane b\u0119d\u0105 przez Polski Czerwony Krzy\u017c zgodnie z <a href=\"https:\/\/napomocukrainie.pck.pl\/pl\/polityka-prywatnosci\/\">Polityk\u0105 prywatno\u015bci<\/a>.<\/p>\n\n\n\n<div class=\"wp-block-buttons is-layout-flex wp-block-buttons-is-layout-flex\">\n<div class=\"wp-block-button\"><a class=\"wp-block-button__link wp-element-button\" href=\"https:\/\/pck.pl\/napomocukrainie24\/\" target=\"_blank\" rel=\"noreferrer noopener\">Wp\u0142ata przez PayU<\/a><\/div>\n\n\n\n<div class=\"wp-block-button is-style-outline is-style-outline--1\"><a class=\"wp-block-button__link wp-element-button\" href=\"https:\/\/www.paypal.com\/donate\/?hosted_button_id=SGAPL9AFC9A64\" target=\"_blank\" rel=\"noreferrer noopener\">Wp\u0142ata przez PayPal<\/a><\/div>\n<\/div>\n\n\n\n<h3 class=\"wp-block-heading\">Darczy\u0144cy korporacyjni <\/h3>\n\n\n\n<p>Polski Czerwony Krzy\u017c nieprzerwanie prowadzi zbi\u00f3rk\u0119 \u015brodk\u00f3w finansowych w zwi\u0105zku z konfliktem zbrojnym w Ukrainie. Zebrane \u015brodki pozwalaj\u0105 nam nie\u015b\u0107 pomoc humanitarn\u0105 w du\u017cej skali, odpowiadaj\u0105c\u0105 na bie\u017c\u0105ce potrzeby uchod\u017ac\u00f3w znajduj\u0105cych si\u0119 w Polsce oraz obywateli Ukrainy, kt\u00f3rzy pozostali w swojej ojczy\u017anie. Dok\u0142adamy wszelkich stara\u0144, aby ka\u017cda wydana na pomoc z\u0142ot\u00f3wka przynios\u0142a jak najwi\u0119cej ofiarom kryzysu. <\/p>\n\n\n\n<p>Przedstawicieli firm zapraszamy do kontaktu pod adresem: <a href=\"mailto:promocja@pck.pl\">promocja@pck.pl<\/a>.<\/p>\n<\/div>\n\n\n\n<div class=\"wp-block-column is-layout-flow wp-block-column-is-layout-flow\" style=\"flex-basis:33.33%\">\n<figure class=\"wp-block-image size-large\"><img loading=\"lazy\" decoding=\"async\" width=\"1527\" height=\"1080\" src=\"https:\/\/napomocukrainie.pck.pl\/wp-content\/uploads\/2022\/06\/Chcesz-pomoc--1527x1080.jpg\" alt=\"\" class=\"wp-image-126\"\/><\/figure>\n<\/div>\n<\/div>\n","protected":false},"excerpt":{"rendered":"<p>Pomoc dla uchod\u017ac\u00f3w b\u0119dzie potrzebne przez kolejne miesi\u0105ce, a nawet lata, dlatego wsparcie darczy\u0144c\u00f3w oraz firm jest niezb\u0119dne. Razem mo\u017cemy wi\u0119cej! Zobacz, jak mo\u017cesz pom\u00f3c.<\/p>\n","protected":false},"author":1,"featured_media":126,"parent":0,"menu_order":0,"comment_status":"closed","ping_status":"closed","template":"","meta":{"_acf_changed":false,"inline_featured_image":false,"footnotes":""},"class_list":["post-46","page","type-page","status-publish","has-post-thumbnail","hentry"],"acf":{"featured_page":true},"yoast_head":"<!-- This site is optimized with the Yoast SEO plugin v22.1 - https:\/\/yoast.com\/wordpress\/plugins\/seo\/ -->\n<title>Chcesz pom\u00f3c? - #napomocUkrainie<\/title>\n<meta name=\"robots\" content=\"index, follow, max-snippet:-1, max-image-preview:large, max-video-preview:-1\" \/>\n<link rel=\"canonical\" href=\"https:\/\/napomocukrainie.pck.pl\/pl\/chcesz-pomoc\/\" \/>\n<meta property=\"og:locale\" content=\"pl_PL\" \/>\n<meta property=\"og:type\" content=\"article\" \/>\n<meta property=\"og:title\" content=\"Chcesz pom\u00f3c? - #napomocUkrainie\" \/>\n<meta property=\"og:description\" content=\"Pomoc dla uchod\u017ac\u00f3w b\u0119dzie potrzebne przez kolejne miesi\u0105ce, a nawet lata, dlatego wsparcie darczy\u0144c\u00f3w oraz firm jest niezb\u0119dne. Razem mo\u017cemy wi\u0119cej! Zobacz, jak mo\u017cesz pom\u00f3c.\" \/>\n<meta property=\"og:url\" content=\"https:\/\/napomocukrainie.pck.pl\/pl\/chcesz-pomoc\/\" \/>\n<meta property=\"og:site_name\" content=\"#napomocUkrainie\" \/>\n<meta property=\"article:publisher\" content=\"https:\/\/www.facebook.com\/PolskiCzerwonyKrzyz\" \/>\n<meta property=\"article:modified_time\" content=\"2024-02-19T10:13:52+00:00\" \/>\n<meta property=\"og:image\" content=\"https:\/\/napomocukrainie.pck.pl\/wp-content\/uploads\/2022\/06\/Chcesz-pomoc-.jpg\" \/>\n\t<meta property=\"og:image:width\" content=\"1527\" \/>\n\t<meta property=\"og:image:height\" content=\"1676\" \/>\n\t<meta property=\"og:image:type\" content=\"image\/jpeg\" \/>\n<meta name=\"twitter:card\" content=\"summary_large_image\" \/>\n<meta name=\"twitter:site\" content=\"@PolskiCK\" \/>\n<meta name=\"twitter:label1\" content=\"Szacowany czas czytania\" \/>\n\t<meta name=\"twitter:data1\" content=\"2 minuty\" \/>\n<script type=\"application\/ld+json\" class=\"yoast-schema-graph\">{\"@context\":\"https:\/\/schema.org\",\"@graph\":[{\"@type\":\"WebPage\",\"@id\":\"https:\/\/napomocukrainie.pck.pl\/pl\/chcesz-pomoc\/\",\"url\":\"https:\/\/napomocukrainie.pck.pl\/pl\/chcesz-pomoc\/\",\"name\":\"Chcesz pom\u00f3c? - #napomocUkrainie\",\"isPartOf\":{\"@id\":\"https:\/\/napomocukrainie.pck.pl\/pl\/#website\"},\"datePublished\":\"2022-06-10T07:24:18+00:00\",\"dateModified\":\"2024-02-19T10:13:52+00:00\",\"breadcrumb\":{\"@id\":\"https:\/\/napomocukrainie.pck.pl\/pl\/chcesz-pomoc\/#breadcrumb\"},\"inLanguage\":\"pl-PL\",\"potentialAction\":[{\"@type\":\"ReadAction\",\"target\":[\"https:\/\/napomocukrainie.pck.pl\/pl\/chcesz-pomoc\/\"]}]},{\"@type\":\"BreadcrumbList\",\"@id\":\"https:\/\/napomocukrainie.pck.pl\/pl\/chcesz-pomoc\/#breadcrumb\",\"itemListElement\":[{\"@type\":\"ListItem\",\"position\":1,\"name\":\"Strona g\u0142\u00f3wna\",\"item\":\"https:\/\/napomocukrainie.pck.pl\/pl\/\"},{\"@type\":\"ListItem\",\"position\":2,\"name\":\"Chcesz pom\u00f3c?\"}]},{\"@type\":\"WebSite\",\"@id\":\"https:\/\/napomocukrainie.pck.pl\/pl\/#website\",\"url\":\"https:\/\/napomocukrainie.pck.pl\/pl\/\",\"name\":\"#napomocUkrainie\",\"description\":\"Polski Czerwony Krzy\u017c\",\"publisher\":{\"@id\":\"https:\/\/napomocukrainie.pck.pl\/pl\/#organization\"},\"potentialAction\":[{\"@type\":\"SearchAction\",\"target\":{\"@type\":\"EntryPoint\",\"urlTemplate\":\"https:\/\/napomocukrainie.pck.pl\/pl\/?s={search_term_string}\"},\"query-input\":\"required name=search_term_string\"}],\"inLanguage\":\"pl-PL\"},{\"@type\":\"Organization\",\"@id\":\"https:\/\/napomocukrainie.pck.pl\/pl\/#organization\",\"name\":\"Polski Czerwony Krzy\u017c\",\"url\":\"https:\/\/napomocukrainie.pck.pl\/pl\/\",\"logo\":{\"@type\":\"ImageObject\",\"inLanguage\":\"pl-PL\",\"@id\":\"https:\/\/napomocukrainie.pck.pl\/pl\/#\/schema\/logo\/image\/\",\"url\":\"https:\/\/napomocukrainie.pck.pl\/wp-content\/uploads\/2022\/06\/pck-logo.svg\",\"contentUrl\":\"https:\/\/napomocukrainie.pck.pl\/wp-content\/uploads\/2022\/06\/pck-logo.svg\",\"width\":113,\"height\":113,\"caption\":\"Polski Czerwony Krzy\u017c\"},\"image\":{\"@id\":\"https:\/\/napomocukrainie.pck.pl\/pl\/#\/schema\/logo\/image\/\"},\"sameAs\":[\"https:\/\/www.facebook.com\/PolskiCzerwonyKrzyz\",\"https:\/\/twitter.com\/PolskiCK\"]}]}<\/script>\n<!-- \/ Yoast SEO plugin. -->","yoast_head_json":{"title":"Chcesz pom\u00f3c? - #napomocUkrainie","robots":{"index":"index","follow":"follow","max-snippet":"max-snippet:-1","max-image-preview":"max-image-preview:large","max-video-preview":"max-video-preview:-1"},"canonical":"https:\/\/napomocukrainie.pck.pl\/pl\/chcesz-pomoc\/","og_locale":"pl_PL","og_type":"article","og_title":"Chcesz pom\u00f3c? - #napomocUkrainie","og_description":"Pomoc dla uchod\u017ac\u00f3w b\u0119dzie potrzebne przez kolejne miesi\u0105ce, a nawet lata, dlatego wsparcie darczy\u0144c\u00f3w oraz firm jest niezb\u0119dne. Razem mo\u017cemy wi\u0119cej! Zobacz, jak mo\u017cesz pom\u00f3c.","og_url":"https:\/\/napomocukrainie.pck.pl\/pl\/chcesz-pomoc\/","og_site_name":"#napomocUkrainie","article_publisher":"https:\/\/www.facebook.com\/PolskiCzerwonyKrzyz","article_modified_time":"2024-02-19T10:13:52+00:00","og_image":[{"width":1527,"height":1676,"url":"https:\/\/napomocukrainie.pck.pl\/wp-content\/uploads\/2022\/06\/Chcesz-pomoc-.jpg","type":"image\/jpeg"}],"twitter_card":"summary_large_image","twitter_site":"@PolskiCK","twitter_misc":{"Szacowany czas czytania":"2 minuty"},"schema":{"@context":"https:\/\/schema.org","@graph":[{"@type":"WebPage","@id":"https:\/\/napomocukrainie.pck.pl\/pl\/chcesz-pomoc\/","url":"https:\/\/napomocukrainie.pck.pl\/pl\/chcesz-pomoc\/","name":"Chcesz pom\u00f3c? - #napomocUkrainie","isPartOf":{"@id":"https:\/\/napomocukrainie.pck.pl\/pl\/#website"},"datePublished":"2022-06-10T07:24:18+00:00","dateModified":"2024-02-19T10:13:52+00:00","breadcrumb":{"@id":"https:\/\/napomocukrainie.pck.pl\/pl\/chcesz-pomoc\/#breadcrumb"},"inLanguage":"pl-PL","potentialAction":[{"@type":"ReadAction","target":["https:\/\/napomocukrainie.pck.pl\/pl\/chcesz-pomoc\/"]}]},{"@type":"BreadcrumbList","@id":"https:\/\/napomocukrainie.pck.pl\/pl\/chcesz-pomoc\/#breadcrumb","itemListElement":[{"@type":"ListItem","position":1,"name":"Strona g\u0142\u00f3wna","item":"https:\/\/napomocukrainie.pck.pl\/pl\/"},{"@type":"ListItem","position":2,"name":"Chcesz pom\u00f3c?"}]},{"@type":"WebSite","@id":"https:\/\/napomocukrainie.pck.pl\/pl\/#website","url":"https:\/\/napomocukrainie.pck.pl\/pl\/","name":"#napomocUkrainie","description":"Polski Czerwony Krzy\u017c","publisher":{"@id":"https:\/\/napomocukrainie.pck.pl\/pl\/#organization"},"potentialAction":[{"@type":"SearchAction","target":{"@type":"EntryPoint","urlTemplate":"https:\/\/napomocukrainie.pck.pl\/pl\/?s={search_term_string}"},"query-input":"required name=search_term_string"}],"inLanguage":"pl-PL"},{"@type":"Organization","@id":"https:\/\/napomocukrainie.pck.pl\/pl\/#organization","name":"Polski Czerwony Krzy\u017c","url":"https:\/\/napomocukrainie.pck.pl\/pl\/","logo":{"@type":"ImageObject","inLanguage":"pl-PL","@id":"https:\/\/napomocukrainie.pck.pl\/pl\/#\/schema\/logo\/image\/","url":"https:\/\/napomocukrainie.pck.pl\/wp-content\/uploads\/2022\/06\/pck-logo.svg","contentUrl":"https:\/\/napomocukrainie.pck.pl\/wp-content\/uploads\/2022\/06\/pck-logo.svg","width":113,"height":113,"caption":"Polski Czerwony Krzy\u017c"},"image":{"@id":"https:\/\/napomocukrainie.pck.pl\/pl\/#\/schema\/logo\/image\/"},"sameAs":["https:\/\/www.facebook.com\/PolskiCzerwonyKrzyz","https:\/\/twitter.com\/PolskiCK"]}]}},"_links":{"self":[{"href":"https:\/\/napomocukrainie.pck.pl\/pl\/wp-json\/wp\/v2\/pages\/46","targetHints":{"allow":["GET"]}}],"collection":[{"href":"https:\/\/napomocukrainie.pck.pl\/pl\/wp-json\/wp\/v2\/pages"}],"about":[{"href":"https:\/\/napomocukrainie.pck.pl\/pl\/wp-json\/wp\/v2\/types\/page"}],"author":[{"embeddable":true,"href":"https:\/\/napomocukrainie.pck.pl\/pl\/wp-json\/wp\/v2\/users\/1"}],"replies":[{"embeddable":true,"href":"https:\/\/napomocukrainie.pck.pl\/pl\/wp-json\/wp\/v2\/comments?post=46"}],"version-history":[{"count":13,"href":"https:\/\/napomocukrainie.pck.pl\/pl\/wp-json\/wp\/v2\/pages\/46\/revisions"}],"predecessor-version":[{"id":756,"href":"https:\/\/napomocukrainie.pck.pl\/pl\/wp-json\/wp\/v2\/pages\/46\/revisions\/756"}],"wp:featuredmedia":[{"embeddable":true,"href":"https:\/\/napomocukrainie.pck.pl\/pl\/wp-json\/wp\/v2\/media\/126"}],"wp:attachment":[{"href":"https:\/\/napomocukrainie.pck.pl\/pl\/wp-json\/wp\/v2\/media?parent=46"}],"curies":[{"name":"wp","href":"https:\/\/api.w.org\/{rel}","templated":true}]}}