{"id":52,"date":"2022-06-10T09:26:17","date_gmt":"2022-06-10T07:26:17","guid":{"rendered":"https%3A%2F%2Fnapomocukrainie.pck.pl\/?page_id=52"},"modified":"2022-06-15T13:10:09","modified_gmt":"2022-06-15T11:10:09","slug":"laczenie-rodzin","status":"publish","type":"page","link":"https:\/\/napomocukrainie.pck.pl\/pl\/laczenie-rodzin\/","title":{"rendered":"\u0141\u0105czenie rodzin"},"content":{"rendered":"\n<div class=\"wp-block-columns is-layout-flex wp-container-core-columns-is-layout-9d6595d7 wp-block-columns-is-layout-flex\">\n<div class=\"wp-block-column is-layout-flow wp-block-column-is-layout-flow\" style=\"flex-basis:66.66%\">\n<p>Je\u017celi obecnie znajdujesz si\u0119 na terenie Polski i w wyniku wojny straci\u0142e\u015b kontaktu z Twoim bliskim, skontaktuj si\u0119 z nami. <\/p>\n\n\n\n<p><strong>Jak mo\u017cna si\u0119 z nami skontaktowa\u0107: <\/strong><\/p>\n\n\n\n<p>Wys\u0142a\u0107 e-mail na adres: <a href=\"mailto:tracing.service@pck.pl\">tracing.service@pck.pl<\/a>, podaj\u0105c nast\u0119puj\u0105ce informacje:<\/p>\n\n\n\n<ul class=\"wp-block-list\"><li>imi\u0119 <\/li><li>miejscowo\u015b\u0107, w kt\u00f3rej obecnie si\u0119 znajdujesz <\/li><li>numer telefonu <\/li><li>data ostatniego kontaktu z osob\u0105 poszukiwan\u0105 <\/li><li>stopie\u0144 pokrewie\u0144stwa z osob\u0105 poszukiwan\u0105<\/li><\/ul>\n\n\n\n<p><\/p>\n\n\n\n<p>Zg\u0142osi\u0107 si\u0119 do jednego z naszych Oddzia\u0142\u00f3w (adresy znajdziesz tutaj: <a href=\"https:\/\/pck.pl\/kontakt\">https:\/\/pck.pl\/kontakt<\/a>) <\/p>\n\n\n\n<p>Oddzwonimy do Ciebie, ustalimy, czy mo\u017cemy Ci pom\u00f3c, a je\u017celi tak, um\u00f3wimy si\u0119 z Tob\u0105 na spotkanie w celu wype\u0142nienia wniosku poszukiwawczego. <\/p>\n\n\n\n<p>Je\u017celi nie przebywasz na terenie Polski, a potrzebujesz pomocy w zwi\u0105zku z utrat\u0105 kontaktu z Twoim bliskim, skontaktuj si\u0119 z Czerwonym Krzy\u017cem lub Czerwonym P\u00f3\u0142ksi\u0119\u017cycem w kraju, w kt\u00f3rym obecnie si\u0119 znajdujesz. <\/p>\n\n\n\n<p>Dane kontaktowe znajdziesz tutaj: <a href=\"https:\/\/familylinks.icrc.org\">https:\/\/familylinks.icrc.org<\/a><\/p>\n<\/div>\n\n\n\n<div class=\"wp-block-column is-layout-flow wp-block-column-is-layout-flow\" style=\"flex-basis:33.33%\">\n<figure class=\"wp-block-image size-large\"><img loading=\"lazy\" decoding=\"async\" width=\"1119\" height=\"1080\" src=\"https:\/\/napomocukrainie.pck.pl\/wp-content\/uploads\/2022\/06\/Laczenie-rodzin--1119x1080.jpg\" alt=\"\" class=\"wp-image-127\"\/><\/figure>\n<\/div>\n<\/div>\n","protected":false},"excerpt":{"rendered":"<p>Je\u017celi straci\u0142e\u015b kontakt ze swoj\u0105 rodzin\u0105 z powodu konfliktu na terytorium Ukrainy i przebywasz obecnie w Polsce, skontaktuj si\u0119 z Krajowym Biurem Informacji i Poszukiwa\u0144 Polskiego Czerwonego Krzy\u017ca.<\/p>\n","protected":false},"author":1,"featured_media":127,"parent":0,"menu_order":0,"comment_status":"closed","ping_status":"closed","template":"","meta":{"_acf_changed":false,"inline_featured_image":false,"footnotes":""},"class_list":["post-52","page","type-page","status-publish","has-post-thumbnail","hentry"],"acf":{"featured_page":true},"yoast_head":"<!-- This site is optimized with the Yoast SEO plugin v22.1 - https:\/\/yoast.com\/wordpress\/plugins\/seo\/ -->\n<title>\u0141\u0105czenie rodzin - #napomocUkrainie<\/title>\n<meta name=\"robots\" content=\"index, follow, max-snippet:-1, max-image-preview:large, max-video-preview:-1\" \/>\n<link rel=\"canonical\" href=\"https:\/\/napomocukrainie.pck.pl\/pl\/laczenie-rodzin\/\" \/>\n<meta property=\"og:locale\" content=\"pl_PL\" \/>\n<meta property=\"og:type\" content=\"article\" \/>\n<meta property=\"og:title\" content=\"\u0141\u0105czenie rodzin - #napomocUkrainie\" \/>\n<meta property=\"og:description\" content=\"Je\u017celi straci\u0142e\u015b kontakt ze swoj\u0105 rodzin\u0105 z powodu konfliktu na terytorium Ukrainy i przebywasz obecnie w Polsce, skontaktuj si\u0119 z Krajowym Biurem Informacji i Poszukiwa\u0144 Polskiego Czerwonego Krzy\u017ca.\" \/>\n<meta property=\"og:url\" content=\"https:\/\/napomocukrainie.pck.pl\/pl\/laczenie-rodzin\/\" \/>\n<meta property=\"og:site_name\" content=\"#napomocUkrainie\" \/>\n<meta property=\"article:publisher\" content=\"https:\/\/www.facebook.com\/PolskiCzerwonyKrzyz\" \/>\n<meta property=\"article:modified_time\" content=\"2022-06-15T11:10:09+00:00\" \/>\n<meta property=\"og:image\" content=\"https:\/\/napomocukrainie.pck.pl\/wp-content\/uploads\/2022\/06\/Laczenie-rodzin-.jpg\" \/>\n\t<meta property=\"og:image:width\" content=\"1119\" \/>\n\t<meta property=\"og:image:height\" content=\"1599\" \/>\n\t<meta property=\"og:image:type\" content=\"image\/jpeg\" \/>\n<meta name=\"twitter:card\" content=\"summary_large_image\" \/>\n<meta name=\"twitter:site\" content=\"@PolskiCK\" \/>\n<meta name=\"twitter:label1\" content=\"Szacowany czas czytania\" \/>\n\t<meta name=\"twitter:data1\" content=\"1 minuta\" \/>\n<script type=\"application\/ld+json\" class=\"yoast-schema-graph\">{\"@context\":\"https:\/\/schema.org\",\"@graph\":[{\"@type\":\"WebPage\",\"@id\":\"https:\/\/napomocukrainie.pck.pl\/pl\/laczenie-rodzin\/\",\"url\":\"https:\/\/napomocukrainie.pck.pl\/pl\/laczenie-rodzin\/\",\"name\":\"\u0141\u0105czenie rodzin - #napomocUkrainie\",\"isPartOf\":{\"@id\":\"https:\/\/napomocukrainie.pck.pl\/pl\/#website\"},\"datePublished\":\"2022-06-10T07:26:17+00:00\",\"dateModified\":\"2022-06-15T11:10:09+00:00\",\"breadcrumb\":{\"@id\":\"https:\/\/napomocukrainie.pck.pl\/pl\/laczenie-rodzin\/#breadcrumb\"},\"inLanguage\":\"pl-PL\",\"potentialAction\":[{\"@type\":\"ReadAction\",\"target\":[\"https:\/\/napomocukrainie.pck.pl\/pl\/laczenie-rodzin\/\"]}]},{\"@type\":\"BreadcrumbList\",\"@id\":\"https:\/\/napomocukrainie.pck.pl\/pl\/laczenie-rodzin\/#breadcrumb\",\"itemListElement\":[{\"@type\":\"ListItem\",\"position\":1,\"name\":\"Strona g\u0142\u00f3wna\",\"item\":\"https:\/\/napomocukrainie.pck.pl\/pl\/\"},{\"@type\":\"ListItem\",\"position\":2,\"name\":\"\u0141\u0105czenie rodzin\"}]},{\"@type\":\"WebSite\",\"@id\":\"https:\/\/napomocukrainie.pck.pl\/pl\/#website\",\"url\":\"https:\/\/napomocukrainie.pck.pl\/pl\/\",\"name\":\"#napomocUkrainie\",\"description\":\"Polski Czerwony Krzy\u017c\",\"publisher\":{\"@id\":\"https:\/\/napomocukrainie.pck.pl\/pl\/#organization\"},\"potentialAction\":[{\"@type\":\"SearchAction\",\"target\":{\"@type\":\"EntryPoint\",\"urlTemplate\":\"https:\/\/napomocukrainie.pck.pl\/pl\/?s={search_term_string}\"},\"query-input\":\"required name=search_term_string\"}],\"inLanguage\":\"pl-PL\"},{\"@type\":\"Organization\",\"@id\":\"https:\/\/napomocukrainie.pck.pl\/pl\/#organization\",\"name\":\"Polski Czerwony Krzy\u017c\",\"url\":\"https:\/\/napomocukrainie.pck.pl\/pl\/\",\"logo\":{\"@type\":\"ImageObject\",\"inLanguage\":\"pl-PL\",\"@id\":\"https:\/\/napomocukrainie.pck.pl\/pl\/#\/schema\/logo\/image\/\",\"url\":\"https:\/\/napomocukrainie.pck.pl\/wp-content\/uploads\/2022\/06\/pck-logo.svg\",\"contentUrl\":\"https:\/\/napomocukrainie.pck.pl\/wp-content\/uploads\/2022\/06\/pck-logo.svg\",\"width\":113,\"height\":113,\"caption\":\"Polski Czerwony Krzy\u017c\"},\"image\":{\"@id\":\"https:\/\/napomocukrainie.pck.pl\/pl\/#\/schema\/logo\/image\/\"},\"sameAs\":[\"https:\/\/www.facebook.com\/PolskiCzerwonyKrzyz\",\"https:\/\/twitter.com\/PolskiCK\"]}]}<\/script>\n<!-- \/ Yoast SEO plugin. -->","yoast_head_json":{"title":"\u0141\u0105czenie rodzin - #napomocUkrainie","robots":{"index":"index","follow":"follow","max-snippet":"max-snippet:-1","max-image-preview":"max-image-preview:large","max-video-preview":"max-video-preview:-1"},"canonical":"https:\/\/napomocukrainie.pck.pl\/pl\/laczenie-rodzin\/","og_locale":"pl_PL","og_type":"article","og_title":"\u0141\u0105czenie rodzin - #napomocUkrainie","og_description":"Je\u017celi straci\u0142e\u015b kontakt ze swoj\u0105 rodzin\u0105 z powodu konfliktu na terytorium Ukrainy i przebywasz obecnie w Polsce, skontaktuj si\u0119 z Krajowym Biurem Informacji i Poszukiwa\u0144 Polskiego Czerwonego Krzy\u017ca.","og_url":"https:\/\/napomocukrainie.pck.pl\/pl\/laczenie-rodzin\/","og_site_name":"#napomocUkrainie","article_publisher":"https:\/\/www.facebook.com\/PolskiCzerwonyKrzyz","article_modified_time":"2022-06-15T11:10:09+00:00","og_image":[{"width":1119,"height":1599,"url":"https:\/\/napomocukrainie.pck.pl\/wp-content\/uploads\/2022\/06\/Laczenie-rodzin-.jpg","type":"image\/jpeg"}],"twitter_card":"summary_large_image","twitter_site":"@PolskiCK","twitter_misc":{"Szacowany czas czytania":"1 minuta"},"schema":{"@context":"https:\/\/schema.org","@graph":[{"@type":"WebPage","@id":"https:\/\/napomocukrainie.pck.pl\/pl\/laczenie-rodzin\/","url":"https:\/\/napomocukrainie.pck.pl\/pl\/laczenie-rodzin\/","name":"\u0141\u0105czenie rodzin - #napomocUkrainie","isPartOf":{"@id":"https:\/\/napomocukrainie.pck.pl\/pl\/#website"},"datePublished":"2022-06-10T07:26:17+00:00","dateModified":"2022-06-15T11:10:09+00:00","breadcrumb":{"@id":"https:\/\/napomocukrainie.pck.pl\/pl\/laczenie-rodzin\/#breadcrumb"},"inLanguage":"pl-PL","potentialAction":[{"@type":"ReadAction","target":["https:\/\/napomocukrainie.pck.pl\/pl\/laczenie-rodzin\/"]}]},{"@type":"BreadcrumbList","@id":"https:\/\/napomocukrainie.pck.pl\/pl\/laczenie-rodzin\/#breadcrumb","itemListElement":[{"@type":"ListItem","position":1,"name":"Strona g\u0142\u00f3wna","item":"https:\/\/napomocukrainie.pck.pl\/pl\/"},{"@type":"ListItem","position":2,"name":"\u0141\u0105czenie rodzin"}]},{"@type":"WebSite","@id":"https:\/\/napomocukrainie.pck.pl\/pl\/#website","url":"https:\/\/napomocukrainie.pck.pl\/pl\/","name":"#napomocUkrainie","description":"Polski Czerwony Krzy\u017c","publisher":{"@id":"https:\/\/napomocukrainie.pck.pl\/pl\/#organization"},"potentialAction":[{"@type":"SearchAction","target":{"@type":"EntryPoint","urlTemplate":"https:\/\/napomocukrainie.pck.pl\/pl\/?s={search_term_string}"},"query-input":"required name=search_term_string"}],"inLanguage":"pl-PL"},{"@type":"Organization","@id":"https:\/\/napomocukrainie.pck.pl\/pl\/#organization","name":"Polski Czerwony Krzy\u017c","url":"https:\/\/napomocukrainie.pck.pl\/pl\/","logo":{"@type":"ImageObject","inLanguage":"pl-PL","@id":"https:\/\/napomocukrainie.pck.pl\/pl\/#\/schema\/logo\/image\/","url":"https:\/\/napomocukrainie.pck.pl\/wp-content\/uploads\/2022\/06\/pck-logo.svg","contentUrl":"https:\/\/napomocukrainie.pck.pl\/wp-content\/uploads\/2022\/06\/pck-logo.svg","width":113,"height":113,"caption":"Polski Czerwony Krzy\u017c"},"image":{"@id":"https:\/\/napomocukrainie.pck.pl\/pl\/#\/schema\/logo\/image\/"},"sameAs":["https:\/\/www.facebook.com\/PolskiCzerwonyKrzyz","https:\/\/twitter.com\/PolskiCK"]}]}},"_links":{"self":[{"href":"https:\/\/napomocukrainie.pck.pl\/pl\/wp-json\/wp\/v2\/pages\/52","targetHints":{"allow":["GET"]}}],"collection":[{"href":"https:\/\/napomocukrainie.pck.pl\/pl\/wp-json\/wp\/v2\/pages"}],"about":[{"href":"https:\/\/napomocukrainie.pck.pl\/pl\/wp-json\/wp\/v2\/types\/page"}],"author":[{"embeddable":true,"href":"https:\/\/napomocukrainie.pck.pl\/pl\/wp-json\/wp\/v2\/users\/1"}],"replies":[{"embeddable":true,"href":"https:\/\/napomocukrainie.pck.pl\/pl\/wp-json\/wp\/v2\/comments?post=52"}],"version-history":[{"count":7,"href":"https:\/\/napomocukrainie.pck.pl\/pl\/wp-json\/wp\/v2\/pages\/52\/revisions"}],"predecessor-version":[{"id":309,"href":"https:\/\/napomocukrainie.pck.pl\/pl\/wp-json\/wp\/v2\/pages\/52\/revisions\/309"}],"wp:featuredmedia":[{"embeddable":true,"href":"https:\/\/napomocukrainie.pck.pl\/pl\/wp-json\/wp\/v2\/media\/127"}],"wp:attachment":[{"href":"https:\/\/napomocukrainie.pck.pl\/pl\/wp-json\/wp\/v2\/media?parent=52"}],"curies":[{"name":"wp","href":"https:\/\/api.w.org\/{rel}","templated":true}]}}