{"id":63,"date":"2022-06-10T11:25:29","date_gmt":"2022-06-10T09:25:29","guid":{"rendered":"https%3A%2F%2Fnapomocukrainie.pck.pl\/?page_id=63"},"modified":"2022-06-13T15:41:35","modified_gmt":"2022-06-13T13:41:35","slug":"infolinia","status":"publish","type":"page","link":"https:\/\/napomocukrainie.pck.pl\/pl\/infolinia\/","title":{"rendered":"Infolinia"},"content":{"rendered":"\n<h6 class=\"wp-block-heading\">Polski Czerwony Krzy\u017c uruchomi\u0142 Infolini\u0119, dzi\u0119ki kt\u00f3rej dowiesz si\u0119, w jaki spos\u00f3b uzyskasz pomoc. <\/h6>\n\n\n\n<p>Nasza Infolinia czynna jest od poniedzia\u0142ku do pi\u0105tku w godzinach <strong>od 9:00 do 17:00 <\/strong><\/p>\n\n\n\n<p><strong>Numer dla os\u00f3b dzwoni\u0105cych z terytorium Polski<\/strong> <\/p>\n\n\n\n<p class=\"has-medium-font-size\"><a href=\"tel:48800088136\">+48 800 088 136<\/a> <\/p>\n\n\n\n<p>Numer dla os\u00f3b dzwoni\u0105cych z zagranicy <\/p>\n\n\n\n<p class=\"has-medium-font-size\"><a href=\"tel:48221520620\">+48 221 520 620<\/a><\/p>\n","protected":false},"excerpt":{"rendered":"<p>Polski Czerwony Krzy\u017c uruchomi\u0142 Infolini\u0119, dzi\u0119ki kt\u00f3rej dowiesz si\u0119, w jaki spos\u00f3b uzyskasz pomoc. Nasza Infolinia czynna jest od poniedzia\u0142ku do pi\u0105tku w godzinach od 9:00 do 17:00 Numer dla os\u00f3b dzwoni\u0105cych z terytorium Polski +48 800 088 136 Numer dla os\u00f3b dzwoni\u0105cych z zagranicy +48 221 520 620<\/p>\n","protected":false},"author":1,"featured_media":0,"parent":0,"menu_order":0,"comment_status":"closed","ping_status":"closed","template":"","meta":{"_acf_changed":false,"inline_featured_image":false,"footnotes":""},"class_list":["post-63","page","type-page","status-publish","hentry"],"acf":{"featured_page":false},"yoast_head":"<!-- This site is optimized with the Yoast SEO plugin v22.1 - https:\/\/yoast.com\/wordpress\/plugins\/seo\/ -->\n<title>Infolinia - #napomocUkrainie<\/title>\n<meta name=\"robots\" content=\"index, follow, max-snippet:-1, max-image-preview:large, max-video-preview:-1\" \/>\n<link rel=\"canonical\" href=\"https:\/\/napomocukrainie.pck.pl\/pl\/infolinia\/\" \/>\n<meta property=\"og:locale\" content=\"pl_PL\" \/>\n<meta property=\"og:type\" content=\"article\" \/>\n<meta property=\"og:title\" content=\"Infolinia - #napomocUkrainie\" \/>\n<meta property=\"og:description\" content=\"Polski Czerwony Krzy\u017c uruchomi\u0142 Infolini\u0119, dzi\u0119ki kt\u00f3rej dowiesz si\u0119, w jaki spos\u00f3b uzyskasz pomoc. Nasza Infolinia czynna jest od poniedzia\u0142ku do pi\u0105tku w godzinach od 9:00 do 17:00 Numer dla os\u00f3b dzwoni\u0105cych z terytorium Polski +48 800 088 136 Numer dla os\u00f3b dzwoni\u0105cych z zagranicy +48 221 520 620\" \/>\n<meta property=\"og:url\" content=\"https:\/\/napomocukrainie.pck.pl\/pl\/infolinia\/\" \/>\n<meta property=\"og:site_name\" content=\"#napomocUkrainie\" \/>\n<meta property=\"article:publisher\" content=\"https:\/\/www.facebook.com\/PolskiCzerwonyKrzyz\" \/>\n<meta property=\"article:modified_time\" content=\"2022-06-13T13:41:35+00:00\" \/>\n<meta name=\"twitter:card\" content=\"summary_large_image\" \/>\n<meta name=\"twitter:site\" content=\"@PolskiCK\" \/>\n<script type=\"application\/ld+json\" class=\"yoast-schema-graph\">{\"@context\":\"https:\/\/schema.org\",\"@graph\":[{\"@type\":\"WebPage\",\"@id\":\"https:\/\/napomocukrainie.pck.pl\/pl\/infolinia\/\",\"url\":\"https:\/\/napomocukrainie.pck.pl\/pl\/infolinia\/\",\"name\":\"Infolinia - #napomocUkrainie\",\"isPartOf\":{\"@id\":\"https:\/\/napomocukrainie.pck.pl\/pl\/#website\"},\"datePublished\":\"2022-06-10T09:25:29+00:00\",\"dateModified\":\"2022-06-13T13:41:35+00:00\",\"breadcrumb\":{\"@id\":\"https:\/\/napomocukrainie.pck.pl\/pl\/infolinia\/#breadcrumb\"},\"inLanguage\":\"pl-PL\",\"potentialAction\":[{\"@type\":\"ReadAction\",\"target\":[\"https:\/\/napomocukrainie.pck.pl\/pl\/infolinia\/\"]}]},{\"@type\":\"BreadcrumbList\",\"@id\":\"https:\/\/napomocukrainie.pck.pl\/pl\/infolinia\/#breadcrumb\",\"itemListElement\":[{\"@type\":\"ListItem\",\"position\":1,\"name\":\"Strona g\u0142\u00f3wna\",\"item\":\"https:\/\/napomocukrainie.pck.pl\/pl\/\"},{\"@type\":\"ListItem\",\"position\":2,\"name\":\"Infolinia\"}]},{\"@type\":\"WebSite\",\"@id\":\"https:\/\/napomocukrainie.pck.pl\/pl\/#website\",\"url\":\"https:\/\/napomocukrainie.pck.pl\/pl\/\",\"name\":\"#napomocUkrainie\",\"description\":\"Polski Czerwony Krzy\u017c\",\"publisher\":{\"@id\":\"https:\/\/napomocukrainie.pck.pl\/pl\/#organization\"},\"potentialAction\":[{\"@type\":\"SearchAction\",\"target\":{\"@type\":\"EntryPoint\",\"urlTemplate\":\"https:\/\/napomocukrainie.pck.pl\/pl\/?s={search_term_string}\"},\"query-input\":\"required name=search_term_string\"}],\"inLanguage\":\"pl-PL\"},{\"@type\":\"Organization\",\"@id\":\"https:\/\/napomocukrainie.pck.pl\/pl\/#organization\",\"name\":\"Polski Czerwony Krzy\u017c\",\"url\":\"https:\/\/napomocukrainie.pck.pl\/pl\/\",\"logo\":{\"@type\":\"ImageObject\",\"inLanguage\":\"pl-PL\",\"@id\":\"https:\/\/napomocukrainie.pck.pl\/pl\/#\/schema\/logo\/image\/\",\"url\":\"https:\/\/napomocukrainie.pck.pl\/wp-content\/uploads\/2022\/06\/pck-logo.svg\",\"contentUrl\":\"https:\/\/napomocukrainie.pck.pl\/wp-content\/uploads\/2022\/06\/pck-logo.svg\",\"width\":113,\"height\":113,\"caption\":\"Polski Czerwony Krzy\u017c\"},\"image\":{\"@id\":\"https:\/\/napomocukrainie.pck.pl\/pl\/#\/schema\/logo\/image\/\"},\"sameAs\":[\"https:\/\/www.facebook.com\/PolskiCzerwonyKrzyz\",\"https:\/\/twitter.com\/PolskiCK\"]}]}<\/script>\n<!-- \/ Yoast SEO plugin. -->","yoast_head_json":{"title":"Infolinia - #napomocUkrainie","robots":{"index":"index","follow":"follow","max-snippet":"max-snippet:-1","max-image-preview":"max-image-preview:large","max-video-preview":"max-video-preview:-1"},"canonical":"https:\/\/napomocukrainie.pck.pl\/pl\/infolinia\/","og_locale":"pl_PL","og_type":"article","og_title":"Infolinia - #napomocUkrainie","og_description":"Polski Czerwony Krzy\u017c uruchomi\u0142 Infolini\u0119, dzi\u0119ki kt\u00f3rej dowiesz si\u0119, w jaki spos\u00f3b uzyskasz pomoc. Nasza Infolinia czynna jest od poniedzia\u0142ku do pi\u0105tku w godzinach od 9:00 do 17:00 Numer dla os\u00f3b dzwoni\u0105cych z terytorium Polski +48 800 088 136 Numer dla os\u00f3b dzwoni\u0105cych z zagranicy +48 221 520 620","og_url":"https:\/\/napomocukrainie.pck.pl\/pl\/infolinia\/","og_site_name":"#napomocUkrainie","article_publisher":"https:\/\/www.facebook.com\/PolskiCzerwonyKrzyz","article_modified_time":"2022-06-13T13:41:35+00:00","twitter_card":"summary_large_image","twitter_site":"@PolskiCK","schema":{"@context":"https:\/\/schema.org","@graph":[{"@type":"WebPage","@id":"https:\/\/napomocukrainie.pck.pl\/pl\/infolinia\/","url":"https:\/\/napomocukrainie.pck.pl\/pl\/infolinia\/","name":"Infolinia - #napomocUkrainie","isPartOf":{"@id":"https:\/\/napomocukrainie.pck.pl\/pl\/#website"},"datePublished":"2022-06-10T09:25:29+00:00","dateModified":"2022-06-13T13:41:35+00:00","breadcrumb":{"@id":"https:\/\/napomocukrainie.pck.pl\/pl\/infolinia\/#breadcrumb"},"inLanguage":"pl-PL","potentialAction":[{"@type":"ReadAction","target":["https:\/\/napomocukrainie.pck.pl\/pl\/infolinia\/"]}]},{"@type":"BreadcrumbList","@id":"https:\/\/napomocukrainie.pck.pl\/pl\/infolinia\/#breadcrumb","itemListElement":[{"@type":"ListItem","position":1,"name":"Strona g\u0142\u00f3wna","item":"https:\/\/napomocukrainie.pck.pl\/pl\/"},{"@type":"ListItem","position":2,"name":"Infolinia"}]},{"@type":"WebSite","@id":"https:\/\/napomocukrainie.pck.pl\/pl\/#website","url":"https:\/\/napomocukrainie.pck.pl\/pl\/","name":"#napomocUkrainie","description":"Polski Czerwony Krzy\u017c","publisher":{"@id":"https:\/\/napomocukrainie.pck.pl\/pl\/#organization"},"potentialAction":[{"@type":"SearchAction","target":{"@type":"EntryPoint","urlTemplate":"https:\/\/napomocukrainie.pck.pl\/pl\/?s={search_term_string}"},"query-input":"required name=search_term_string"}],"inLanguage":"pl-PL"},{"@type":"Organization","@id":"https:\/\/napomocukrainie.pck.pl\/pl\/#organization","name":"Polski Czerwony Krzy\u017c","url":"https:\/\/napomocukrainie.pck.pl\/pl\/","logo":{"@type":"ImageObject","inLanguage":"pl-PL","@id":"https:\/\/napomocukrainie.pck.pl\/pl\/#\/schema\/logo\/image\/","url":"https:\/\/napomocukrainie.pck.pl\/wp-content\/uploads\/2022\/06\/pck-logo.svg","contentUrl":"https:\/\/napomocukrainie.pck.pl\/wp-content\/uploads\/2022\/06\/pck-logo.svg","width":113,"height":113,"caption":"Polski Czerwony Krzy\u017c"},"image":{"@id":"https:\/\/napomocukrainie.pck.pl\/pl\/#\/schema\/logo\/image\/"},"sameAs":["https:\/\/www.facebook.com\/PolskiCzerwonyKrzyz","https:\/\/twitter.com\/PolskiCK"]}]}},"_links":{"self":[{"href":"https:\/\/napomocukrainie.pck.pl\/pl\/wp-json\/wp\/v2\/pages\/63","targetHints":{"allow":["GET"]}}],"collection":[{"href":"https:\/\/napomocukrainie.pck.pl\/pl\/wp-json\/wp\/v2\/pages"}],"about":[{"href":"https:\/\/napomocukrainie.pck.pl\/pl\/wp-json\/wp\/v2\/types\/page"}],"author":[{"embeddable":true,"href":"https:\/\/napomocukrainie.pck.pl\/pl\/wp-json\/wp\/v2\/users\/1"}],"replies":[{"embeddable":true,"href":"https:\/\/napomocukrainie.pck.pl\/pl\/wp-json\/wp\/v2\/comments?post=63"}],"version-history":[{"count":2,"href":"https:\/\/napomocukrainie.pck.pl\/pl\/wp-json\/wp\/v2\/pages\/63\/revisions"}],"predecessor-version":[{"id":138,"href":"https:\/\/napomocukrainie.pck.pl\/pl\/wp-json\/wp\/v2\/pages\/63\/revisions\/138"}],"wp:attachment":[{"href":"https:\/\/napomocukrainie.pck.pl\/pl\/wp-json\/wp\/v2\/media?parent=63"}],"curies":[{"name":"wp","href":"https:\/\/api.w.org\/{rel}","templated":true}]}}