{"id":225,"date":"2022-06-08T15:20:38","date_gmt":"2022-06-08T13:20:38","guid":{"rendered":"http:\/\/https%3A%2F%2Fnapomocukrainie.pck.pl\/?page_id=225"},"modified":"2022-06-20T14:28:11","modified_gmt":"2022-06-20T12:28:11","slug":"polityka-prywatnosci","status":"publish","type":"page","link":"https:\/\/napomocukrainie.pck.pl\/ru\/polityka-prywatnosci\/","title":{"rendered":"Polityka prywatno\u015bci"},"content":{"rendered":"\n<p><strong>Zapewniamy naszym Klientom pe\u0142ne poszanowanie ich prywatno\u015bci oraz ochron\u0119 ich danych osobowych.<\/strong><\/p>\n\n\n\n<ol class=\"wp-block-list\"><li>Zgodnie z art. 13 ust. 1 og\u00f3lnego rozporz\u0105dzenia o ochronie danych osobowych z dnia 27 kwietnia 2016 r. (RODO), informujemy, i\u017c administratorem Pani\/Pana danych osobowych jest Polski Czerwony Krzy\u017c z siedzib\u0105 przy ul. Mokotowskiej 14, 00-561 Warszawa.<\/li><li>Pani\/Pana dane osobowe przetwarzane b\u0119d\u0105 w zakresie podanym przez Pani\u0105\/Pana za po\u015brednictwem formularzy zg\u0142oszeniowych i innych form kontaktu z PCK w celu realizacji us\u0142ug \u015bwiadczonych drog\u0105 elektroniczn\u0105 na podstawie art. 6 ust. 1 lit. b RODO (czynno\u015bci niezb\u0119dne do wykonania umowy, kt\u00f3rej stron\u0105 jest osoba, kt\u00f3rej dane dotycz\u0105, lub do podj\u0119cia dzia\u0142a\u0144 na \u017c\u0105danie osoby, kt\u00f3rej dane dotycz\u0105, przed zawarciem umowy) dochodzenia mo\u017cliwych roszcze\u0144 wobec Us\u0142ugobiorcy na podstawie art. 6 ust. 1 lit. f RODO (realizacja prawnie uzasadnionych interes\u00f3w realizowanych przez administratora) oraz, w razie wyra\u017cenia dodatkowych zg\u00f3d \u2013 na podstawie art. 6 ust. 1 lit. a RODO \u2013 w zakresie i w celach wskazanych w tre\u015bci tych zg\u00f3d.<\/li><li>Pani\/Pana dane osobowe mog\u0105 by\u0107 ujawnione:<ol><li>podmiotom publicznym uprawnionym na podstawie odr\u0119bnych przepis\u00f3w, na potrzeby prowadzonych przez nie post\u0119powa\u0144,<\/li><li>innym zewn\u0119trznym podmiotom wspieraj\u0105cym PCK w zakresie us\u0142ug informatycznych, ksi\u0119gowych lub wsp\u00f3\u0142pracuj\u0105cych z PCK w ramach kampanii marketingowych, przy czym takie podmioty b\u0119d\u0105 przetwarza\u0107 dane na podstawie umowy z PCK i wy\u0142\u0105cznie zgodnie z jego poleceniami.<\/li><\/ol><\/li><li>Pani\/Pana dane osobowe nie b\u0119d\u0105 przekazywane do pa\u0144stw trzecich lub organizacji mi\u0119dzynarodowych.<\/li><li>Pani\/Pana dane osobowe b\u0119d\u0105 przetwarzane do czasu wykonania umowy, a tak\u017ce po jej zako\u0144czeniu w celach zwi\u0105zanych z:<ol><li>dochodzeniem roszcze\u0144 w zwi\u0105zku z wykonywaniem umowy (tj. co o zasady maksymalnie przez okres 3 lat od dnia zako\u0144czenia wykonania umowy),<\/li><li>wykonaniem obowi\u0105zk\u00f3w wynikaj\u0105cych z przepis\u00f3w prawa, w tym w szczeg\u00f3lno\u015bci podatkowych i rachunkowych,<\/li><li>w przypadku wyra\u017cenia przez Pani\u0105\/Pana zgody na przetwarzanie danych osobowych w innych celach, Pani\/Pana dane osobowe b\u0119d\u0105 przetwarzane do momentu wycofania przedmiotowej zgody.<\/li><\/ol><\/li><li>Przys\u0142uguje Pani\/Panu prawo dost\u0119pu do tre\u015bci swoich danych oraz prawo ich sprostowania, usuni\u0119cia, ograniczenia przetwarzania, prawo do przenoszenia danych, prawo wniesienia sprzeciwu, a w razie wyra\u017cenia dodatkowej zgody, prawo do cofni\u0119cia zgody w dowolnym momencie bez wp\u0142ywu na zgodno\u015b\u0107 z prawem przetwarzania, kt\u00f3rego dokonano na podstawie zgody przed jej cofni\u0119ciem.<\/li><li>Je\u015bli uzna Pani\/Pan, i\u017c przetwarzanie danych osobowych Pani\/Pana dotycz\u0105cych narusza przepisy RODO, przys\u0142uguje Pani\/Panu prawo wniesienia skargi do Prezesa Urz\u0119du Ochrony Danych Osobowych, ul. Stawki 2, 00-193 Warszawa.<\/li><li>Podanie przez Pani\u0105\/Pana danych osobowych jest warunkiem korzystania z us\u0142ug \u015bwiadczonych drog\u0105 elektroniczn\u0105 przez Polski Czerwony Krzy\u017c . W razie niepodania danych osobowych, PCK nie b\u0119dzie w stanie \u015bwiadczy\u0107 wskazanych us\u0142ug.<\/li><li>Pani\/Pana dane nie b\u0119d\u0105 wykorzystywane do zautomatyzowanego podejmowania decyzji kt\u00f3ra opiera si\u0119 wy\u0142\u0105cznie na zautomatyzowanym przetwarzaniu, w tym profilowaniu, i wywo\u0142uje wobec Pani\/Pana skutki prawne lub w podobny spos\u00f3b istotnie na Pani\u0105\/Pana wp\u0142ywa.<\/li><\/ol>\n","protected":false},"excerpt":{"rendered":"<p>Zapewniamy naszym Klientom pe\u0142ne poszanowanie ich prywatno\u015bci oraz ochron\u0119 ich danych osobowych. Zgodnie z art. 13 ust. 1 og\u00f3lnego rozporz\u0105dzenia o ochronie danych osobowych z dnia 27 kwietnia 2016 r. (RODO), informujemy, i\u017c administratorem Pani\/Pana danych osobowych jest Polski Czerwony Krzy\u017c z siedzib\u0105 przy ul. Mokotowskiej 14, 00-561 Warszawa. Pani\/Pana dane osobowe przetwarzane b\u0119d\u0105 w [&hellip;]<\/p>\n","protected":false},"author":1,"featured_media":0,"parent":0,"menu_order":0,"comment_status":"closed","ping_status":"open","template":"","meta":{"_acf_changed":false,"inline_featured_image":false,"footnotes":""},"class_list":["post-225","page","type-page","status-publish","hentry"],"acf":{"featured_page":false},"yoast_head":"<!-- This site is optimized with the Yoast SEO plugin v22.1 - https:\/\/yoast.com\/wordpress\/plugins\/seo\/ -->\n<title>Polityka prywatno\u015bci - #napomocUkrainie<\/title>\n<meta name=\"robots\" content=\"index, follow, max-snippet:-1, max-image-preview:large, max-video-preview:-1\" \/>\n<link rel=\"canonical\" href=\"https:\/\/napomocukrainie.pck.pl\/ru\/polityka-prywatnosci\/\" \/>\n<meta property=\"og:locale\" content=\"ru_RU\" \/>\n<meta property=\"og:type\" content=\"article\" \/>\n<meta property=\"og:title\" content=\"Polityka prywatno\u015bci - #napomocUkrainie\" \/>\n<meta property=\"og:description\" content=\"Zapewniamy naszym Klientom pe\u0142ne poszanowanie ich prywatno\u015bci oraz ochron\u0119 ich danych osobowych. Zgodnie z art. 13 ust. 1 og\u00f3lnego rozporz\u0105dzenia o ochronie danych osobowych z dnia 27 kwietnia 2016 r. (RODO), informujemy, i\u017c administratorem Pani\/Pana danych osobowych jest Polski Czerwony Krzy\u017c z siedzib\u0105 przy ul. Mokotowskiej 14, 00-561 Warszawa. Pani\/Pana dane osobowe przetwarzane b\u0119d\u0105 w [&hellip;]\" \/>\n<meta property=\"og:url\" content=\"https:\/\/napomocukrainie.pck.pl\/ru\/polityka-prywatnosci\/\" \/>\n<meta property=\"og:site_name\" content=\"#napomocUkrainie\" \/>\n<meta property=\"article:publisher\" content=\"https:\/\/www.facebook.com\/PolskiCzerwonyKrzyz\" \/>\n<meta property=\"article:modified_time\" content=\"2022-06-20T12:28:11+00:00\" \/>\n<meta name=\"twitter:card\" content=\"summary_large_image\" \/>\n<meta name=\"twitter:site\" content=\"@PolskiCK\" \/>\n<meta name=\"twitter:label1\" content=\"\u041f\u0440\u0438\u043c\u0435\u0440\u043d\u043e\u0435 \u0432\u0440\u0435\u043c\u044f \u0434\u043b\u044f \u0447\u0442\u0435\u043d\u0438\u044f\" \/>\n\t<meta name=\"twitter:data1\" content=\"3 \u043c\u0438\u043d\u0443\u0442\u044b\" \/>\n<script type=\"application\/ld+json\" class=\"yoast-schema-graph\">{\"@context\":\"https:\/\/schema.org\",\"@graph\":[{\"@type\":\"WebPage\",\"@id\":\"https:\/\/napomocukrainie.pck.pl\/ru\/polityka-prywatnosci\/\",\"url\":\"https:\/\/napomocukrainie.pck.pl\/ru\/polityka-prywatnosci\/\",\"name\":\"Polityka prywatno\u015bci - #napomocUkrainie\",\"isPartOf\":{\"@id\":\"https:\/\/napomocukrainie.pck.pl\/pl\/#website\"},\"datePublished\":\"2022-06-08T13:20:38+00:00\",\"dateModified\":\"2022-06-20T12:28:11+00:00\",\"breadcrumb\":{\"@id\":\"https:\/\/napomocukrainie.pck.pl\/ru\/polityka-prywatnosci\/#breadcrumb\"},\"inLanguage\":\"ru-RU\",\"potentialAction\":[{\"@type\":\"ReadAction\",\"target\":[\"https:\/\/napomocukrainie.pck.pl\/ru\/polityka-prywatnosci\/\"]}]},{\"@type\":\"BreadcrumbList\",\"@id\":\"https:\/\/napomocukrainie.pck.pl\/ru\/polityka-prywatnosci\/#breadcrumb\",\"itemListElement\":[{\"@type\":\"ListItem\",\"position\":1,\"name\":\"Strona g\u0142\u00f3wna\",\"item\":\"https:\/\/napomocukrainie.pck.pl\/pl\/\"},{\"@type\":\"ListItem\",\"position\":2,\"name\":\"Polityka prywatno\u015bci\"}]},{\"@type\":\"WebSite\",\"@id\":\"https:\/\/napomocukrainie.pck.pl\/pl\/#website\",\"url\":\"https:\/\/napomocukrainie.pck.pl\/pl\/\",\"name\":\"#napomocUkrainie\",\"description\":\"Polski Czerwony Krzy\u017c\",\"publisher\":{\"@id\":\"https:\/\/napomocukrainie.pck.pl\/pl\/#organization\"},\"potentialAction\":[{\"@type\":\"SearchAction\",\"target\":{\"@type\":\"EntryPoint\",\"urlTemplate\":\"https:\/\/napomocukrainie.pck.pl\/pl\/?s={search_term_string}\"},\"query-input\":\"required name=search_term_string\"}],\"inLanguage\":\"ru-RU\"},{\"@type\":\"Organization\",\"@id\":\"https:\/\/napomocukrainie.pck.pl\/pl\/#organization\",\"name\":\"Polski Czerwony Krzy\u017c\",\"url\":\"https:\/\/napomocukrainie.pck.pl\/pl\/\",\"logo\":{\"@type\":\"ImageObject\",\"inLanguage\":\"ru-RU\",\"@id\":\"https:\/\/napomocukrainie.pck.pl\/pl\/#\/schema\/logo\/image\/\",\"url\":\"https:\/\/napomocukrainie.pck.pl\/wp-content\/uploads\/2022\/06\/pck-logo.svg\",\"contentUrl\":\"https:\/\/napomocukrainie.pck.pl\/wp-content\/uploads\/2022\/06\/pck-logo.svg\",\"width\":113,\"height\":113,\"caption\":\"Polski Czerwony Krzy\u017c\"},\"image\":{\"@id\":\"https:\/\/napomocukrainie.pck.pl\/pl\/#\/schema\/logo\/image\/\"},\"sameAs\":[\"https:\/\/www.facebook.com\/PolskiCzerwonyKrzyz\",\"https:\/\/twitter.com\/PolskiCK\"]}]}<\/script>\n<!-- \/ Yoast SEO plugin. -->","yoast_head_json":{"title":"Polityka prywatno\u015bci - #napomocUkrainie","robots":{"index":"index","follow":"follow","max-snippet":"max-snippet:-1","max-image-preview":"max-image-preview:large","max-video-preview":"max-video-preview:-1"},"canonical":"https:\/\/napomocukrainie.pck.pl\/ru\/polityka-prywatnosci\/","og_locale":"ru_RU","og_type":"article","og_title":"Polityka prywatno\u015bci - #napomocUkrainie","og_description":"Zapewniamy naszym Klientom pe\u0142ne poszanowanie ich prywatno\u015bci oraz ochron\u0119 ich danych osobowych. Zgodnie z art. 13 ust. 1 og\u00f3lnego rozporz\u0105dzenia o ochronie danych osobowych z dnia 27 kwietnia 2016 r. (RODO), informujemy, i\u017c administratorem Pani\/Pana danych osobowych jest Polski Czerwony Krzy\u017c z siedzib\u0105 przy ul. Mokotowskiej 14, 00-561 Warszawa. Pani\/Pana dane osobowe przetwarzane b\u0119d\u0105 w [&hellip;]","og_url":"https:\/\/napomocukrainie.pck.pl\/ru\/polityka-prywatnosci\/","og_site_name":"#napomocUkrainie","article_publisher":"https:\/\/www.facebook.com\/PolskiCzerwonyKrzyz","article_modified_time":"2022-06-20T12:28:11+00:00","twitter_card":"summary_large_image","twitter_site":"@PolskiCK","twitter_misc":{"\u041f\u0440\u0438\u043c\u0435\u0440\u043d\u043e\u0435 \u0432\u0440\u0435\u043c\u044f \u0434\u043b\u044f \u0447\u0442\u0435\u043d\u0438\u044f":"3 \u043c\u0438\u043d\u0443\u0442\u044b"},"schema":{"@context":"https:\/\/schema.org","@graph":[{"@type":"WebPage","@id":"https:\/\/napomocukrainie.pck.pl\/ru\/polityka-prywatnosci\/","url":"https:\/\/napomocukrainie.pck.pl\/ru\/polityka-prywatnosci\/","name":"Polityka prywatno\u015bci - #napomocUkrainie","isPartOf":{"@id":"https:\/\/napomocukrainie.pck.pl\/pl\/#website"},"datePublished":"2022-06-08T13:20:38+00:00","dateModified":"2022-06-20T12:28:11+00:00","breadcrumb":{"@id":"https:\/\/napomocukrainie.pck.pl\/ru\/polityka-prywatnosci\/#breadcrumb"},"inLanguage":"ru-RU","potentialAction":[{"@type":"ReadAction","target":["https:\/\/napomocukrainie.pck.pl\/ru\/polityka-prywatnosci\/"]}]},{"@type":"BreadcrumbList","@id":"https:\/\/napomocukrainie.pck.pl\/ru\/polityka-prywatnosci\/#breadcrumb","itemListElement":[{"@type":"ListItem","position":1,"name":"Strona g\u0142\u00f3wna","item":"https:\/\/napomocukrainie.pck.pl\/pl\/"},{"@type":"ListItem","position":2,"name":"Polityka prywatno\u015bci"}]},{"@type":"WebSite","@id":"https:\/\/napomocukrainie.pck.pl\/pl\/#website","url":"https:\/\/napomocukrainie.pck.pl\/pl\/","name":"#napomocUkrainie","description":"Polski Czerwony Krzy\u017c","publisher":{"@id":"https:\/\/napomocukrainie.pck.pl\/pl\/#organization"},"potentialAction":[{"@type":"SearchAction","target":{"@type":"EntryPoint","urlTemplate":"https:\/\/napomocukrainie.pck.pl\/pl\/?s={search_term_string}"},"query-input":"required name=search_term_string"}],"inLanguage":"ru-RU"},{"@type":"Organization","@id":"https:\/\/napomocukrainie.pck.pl\/pl\/#organization","name":"Polski Czerwony Krzy\u017c","url":"https:\/\/napomocukrainie.pck.pl\/pl\/","logo":{"@type":"ImageObject","inLanguage":"ru-RU","@id":"https:\/\/napomocukrainie.pck.pl\/pl\/#\/schema\/logo\/image\/","url":"https:\/\/napomocukrainie.pck.pl\/wp-content\/uploads\/2022\/06\/pck-logo.svg","contentUrl":"https:\/\/napomocukrainie.pck.pl\/wp-content\/uploads\/2022\/06\/pck-logo.svg","width":113,"height":113,"caption":"Polski Czerwony Krzy\u017c"},"image":{"@id":"https:\/\/napomocukrainie.pck.pl\/pl\/#\/schema\/logo\/image\/"},"sameAs":["https:\/\/www.facebook.com\/PolskiCzerwonyKrzyz","https:\/\/twitter.com\/PolskiCK"]}]}},"_links":{"self":[{"href":"https:\/\/napomocukrainie.pck.pl\/ru\/wp-json\/wp\/v2\/pages\/225","targetHints":{"allow":["GET"]}}],"collection":[{"href":"https:\/\/napomocukrainie.pck.pl\/ru\/wp-json\/wp\/v2\/pages"}],"about":[{"href":"https:\/\/napomocukrainie.pck.pl\/ru\/wp-json\/wp\/v2\/types\/page"}],"author":[{"embeddable":true,"href":"https:\/\/napomocukrainie.pck.pl\/ru\/wp-json\/wp\/v2\/users\/1"}],"replies":[{"embeddable":true,"href":"https:\/\/napomocukrainie.pck.pl\/ru\/wp-json\/wp\/v2\/comments?post=225"}],"version-history":[{"count":1,"href":"https:\/\/napomocukrainie.pck.pl\/ru\/wp-json\/wp\/v2\/pages\/225\/revisions"}],"predecessor-version":[{"id":375,"href":"https:\/\/napomocukrainie.pck.pl\/ru\/wp-json\/wp\/v2\/pages\/225\/revisions\/375"}],"wp:attachment":[{"href":"https:\/\/napomocukrainie.pck.pl\/ru\/wp-json\/wp\/v2\/media?parent=225"}],"curies":[{"name":"wp","href":"https:\/\/api.w.org\/{rel}","templated":true}]}}